{"id":72625,"date":"2026-02-08T16:37:34","date_gmt":"2026-02-08T14:37:34","guid":{"rendered":"https:\/\/parlipesa.ee\/pood\/maaratlemata\/925-hobe-korvarongad-ripatsiga-silver-ruby\/"},"modified":"2026-04-16T20:32:55","modified_gmt":"2026-04-16T17:32:55","slug":"925-hobe-korvarongad-ripatsiga-silver-ruby","status":"publish","type":"product","link":"https:\/\/parlipesa.ee\/ru\/pood\/hobeehted\/925korvarongad\/925-hobe-korvarongad-ripatsiga-silver-ruby\/","title":{"rendered":"925 H\u00f5be K\u00f5rvar\u00f5ngad Ripatsiga (Silver, Ruby)"},"content":{"rendered":"<div class=\"metal-specs-wrapper\">\n<div id=\"element\" class=\"mage-accordion-disabled\" role=\"tablist\">\n<div class=\"specs-wrapper metal\" role=\"tabpanel\" data-role=\"content\" aria-hidden=\"false\">\n<div class=\"attribute lisainfo\">MATERJAL \u2013\u00a0925 h\u00f5be, rodeeritud<br \/>\nKAAL \u2013 3,9g<br \/>\nV\u00c4RV \u2013\u00a0Ruby<br \/>\nKIVI T\u00dc\u00dcP \u2013\u00a0Tsirkoon<br \/>\nDIAMEETER \u2013\u00a022mm<br \/>\nPAKSUS \u2013 2mm (k\u00f5rvar\u00f5ngas), kivi 8mm<\/div>\n<\/div>\n<\/div>\n<\/div>\n","protected":false},"excerpt":{"rendered":"<p>MATERJAL \u2013\u00a0925 h\u00f5be, rodeeritud KAAL \u2013 3,9g V\u00c4RV \u2013\u00a0Ruby KIVI T\u00dc\u00dcP \u2013\u00a0Tsirkoon DIAMEETER \u2013\u00a022mm PAKSUS \u2013 2mm (k\u00f5rvar\u00f5ngas), kivi 8mm<\/p>\n","protected":false},"featured_media":72701,"template":"","meta":[],"product_brand":[],"product_cat":[520,1108,1109],"product_tag":[],"class_list":{"0":"post-72625","1":"product","2":"type-product","3":"status-publish","4":"has-post-thumbnail","6":"product_cat-uued-tooted","7":"product_cat-hobeehted","8":"product_cat-925korvarongad","10":"first","11":"instock","12":"taxable","13":"shipping-taxable","14":"purchasable","15":"product-type-simple"},"_links":{"self":[{"href":"https:\/\/parlipesa.ee\/ru\/wp-json\/wp\/v2\/product\/72625","targetHints":{"allow":["GET"]}}],"collection":[{"href":"https:\/\/parlipesa.ee\/ru\/wp-json\/wp\/v2\/product"}],"about":[{"href":"https:\/\/parlipesa.ee\/ru\/wp-json\/wp\/v2\/types\/product"}],"wp:featuredmedia":[{"embeddable":true,"href":"https:\/\/parlipesa.ee\/ru\/wp-json\/wp\/v2\/media\/72701"}],"wp:attachment":[{"href":"https:\/\/parlipesa.ee\/ru\/wp-json\/wp\/v2\/media?parent=72625"}],"wp:term":[{"taxonomy":"product_brand","embeddable":true,"href":"https:\/\/parlipesa.ee\/ru\/wp-json\/wp\/v2\/product_brand?post=72625"},{"taxonomy":"product_cat","embeddable":true,"href":"https:\/\/parlipesa.ee\/ru\/wp-json\/wp\/v2\/product_cat?post=72625"},{"taxonomy":"product_tag","embeddable":true,"href":"https:\/\/parlipesa.ee\/ru\/wp-json\/wp\/v2\/product_tag?post=72625"}],"curies":[{"name":"wp","href":"https:\/\/api.w.org\/{rel}","templated":true}]}}