{"id":72619,"date":"2026-02-08T16:37:33","date_gmt":"2026-02-08T14:37:33","guid":{"rendered":"https:\/\/parlipesa.ee\/pood\/maaratlemata\/925-hobe-korvarongad-tsirkoonist-ripatsiga-silver\/"},"modified":"2026-04-16T20:32:54","modified_gmt":"2026-04-16T17:32:54","slug":"925-hobe-korvarongad-tsirkoonist-ripatsiga-silver","status":"publish","type":"product","link":"https:\/\/parlipesa.ee\/ru\/pood\/hobeehted\/925korvarongad\/925-hobe-korvarongad-tsirkoonist-ripatsiga-silver\/","title":{"rendered":"925 H\u00f5be K\u00f5rvar\u00f5ngad Tsirkoonist ripatsiga (Silver)"},"content":{"rendered":"<p>MATERJAL \u2013\u00a0925 h\u00f5be, rodeeritud<br \/>\nKAAL \u20132,32g<br \/>\nV\u00c4RV \u2013 Crystal<br \/>\nKIVI T\u00dc\u00dcP \u2013\u00a0Tsirkoon<br \/>\nDIAMEETER \u2013\u00a018mm<br \/>\nPAKSUS \u2013 3mm<\/p>\n","protected":false},"excerpt":{"rendered":"<p>MATERJAL \u2013\u00a0925 h\u00f5be, rodeeritud KAAL \u20132,32g V\u00c4RV \u2013 Crystal KIVI T\u00dc\u00dcP \u2013\u00a0Tsirkoon DIAMEETER \u2013\u00a018mm PAKSUS \u2013 3mm<\/p>\n","protected":false},"featured_media":72843,"template":"","meta":[],"product_brand":[],"product_cat":[520,1108,1109],"product_tag":[],"class_list":{"0":"post-72619","1":"product","2":"type-product","3":"status-publish","4":"has-post-thumbnail","6":"product_cat-uued-tooted","7":"product_cat-hobeehted","8":"product_cat-925korvarongad","10":"first","11":"instock","12":"taxable","13":"shipping-taxable","14":"purchasable","15":"product-type-simple"},"_links":{"self":[{"href":"https:\/\/parlipesa.ee\/ru\/wp-json\/wp\/v2\/product\/72619","targetHints":{"allow":["GET"]}}],"collection":[{"href":"https:\/\/parlipesa.ee\/ru\/wp-json\/wp\/v2\/product"}],"about":[{"href":"https:\/\/parlipesa.ee\/ru\/wp-json\/wp\/v2\/types\/product"}],"wp:featuredmedia":[{"embeddable":true,"href":"https:\/\/parlipesa.ee\/ru\/wp-json\/wp\/v2\/media\/72843"}],"wp:attachment":[{"href":"https:\/\/parlipesa.ee\/ru\/wp-json\/wp\/v2\/media?parent=72619"}],"wp:term":[{"taxonomy":"product_brand","embeddable":true,"href":"https:\/\/parlipesa.ee\/ru\/wp-json\/wp\/v2\/product_brand?post=72619"},{"taxonomy":"product_cat","embeddable":true,"href":"https:\/\/parlipesa.ee\/ru\/wp-json\/wp\/v2\/product_cat?post=72619"},{"taxonomy":"product_tag","embeddable":true,"href":"https:\/\/parlipesa.ee\/ru\/wp-json\/wp\/v2\/product_tag?post=72619"}],"curies":[{"name":"wp","href":"https:\/\/api.w.org\/{rel}","templated":true}]}}