{"id":65012,"date":"2024-04-25T11:10:46","date_gmt":"2024-04-25T08:10:46","guid":{"rendered":"https:\/\/parlipesa.ee\/?post_type=product&#038;p=65012"},"modified":"2026-04-21T18:00:57","modified_gmt":"2026-04-21T15:00:57","slug":"925hobe-kasitootraat-pehme-0-6mm","status":"publish","type":"product","link":"https:\/\/parlipesa.ee\/ru\/pood\/tarvikud\/traadid\/925hobe-kasitootraat-pehme-0-6mm\/","title":{"rendered":"925H\u00f5be K\u00e4sit\u00f6\u00f6traat Pehme 0.6mm"},"content":{"rendered":"<p>Kogus: 1 meeter;<\/p>\n<p>Kaal: 3.0g (1m).<\/p>\n","protected":false},"excerpt":{"rendered":"<p>Kogus: 1 meeter; Kaal: 3.0g (1m).<\/p>\n","protected":false},"featured_media":65013,"template":"","meta":[],"product_brand":[],"product_cat":[520,588,637],"product_tag":[],"class_list":{"0":"post-65012","1":"product","2":"type-product","3":"status-publish","4":"has-post-thumbnail","6":"product_cat-uued-tooted","7":"product_cat-vaarismetall","8":"product_cat-traadid","10":"first","11":"instock","12":"taxable","13":"shipping-taxable","14":"purchasable","15":"product-type-simple"},"_links":{"self":[{"href":"https:\/\/parlipesa.ee\/ru\/wp-json\/wp\/v2\/product\/65012","targetHints":{"allow":["GET"]}}],"collection":[{"href":"https:\/\/parlipesa.ee\/ru\/wp-json\/wp\/v2\/product"}],"about":[{"href":"https:\/\/parlipesa.ee\/ru\/wp-json\/wp\/v2\/types\/product"}],"wp:featuredmedia":[{"embeddable":true,"href":"https:\/\/parlipesa.ee\/ru\/wp-json\/wp\/v2\/media\/65013"}],"wp:attachment":[{"href":"https:\/\/parlipesa.ee\/ru\/wp-json\/wp\/v2\/media?parent=65012"}],"wp:term":[{"taxonomy":"product_brand","embeddable":true,"href":"https:\/\/parlipesa.ee\/ru\/wp-json\/wp\/v2\/product_brand?post=65012"},{"taxonomy":"product_cat","embeddable":true,"href":"https:\/\/parlipesa.ee\/ru\/wp-json\/wp\/v2\/product_cat?post=65012"},{"taxonomy":"product_tag","embeddable":true,"href":"https:\/\/parlipesa.ee\/ru\/wp-json\/wp\/v2\/product_tag?post=65012"}],"curies":[{"name":"wp","href":"https:\/\/api.w.org\/{rel}","templated":true}]}}