{"id":63332,"date":"2023-12-03T20:22:07","date_gmt":"2023-12-03T18:22:07","guid":{"rendered":"https:\/\/parlipesa.ee\/pood\/maaratlemata\/925-hobe-korvarongaripatsid-electric-blue-rose-gold\/"},"modified":"2026-04-10T14:02:50","modified_gmt":"2026-04-10T11:02:50","slug":"925-hobe-korvarongaripatsid-electric-blue-rose-gold","status":"publish","type":"product","link":"https:\/\/parlipesa.ee\/ru\/pood\/marmara\/charms\/925-hobe-korvarongaripatsid-electric-blue-rose-gold\/","title":{"rendered":"925 H\u00f5be k\u00f5rvar\u00f5ngaripatsid Electric Blue, rose gold"},"content":{"rendered":"<p>PIKKUS 20mm<br \/>\nLAIUS 10mm<br \/>\nDIAMEETER 10mm<br \/>\nPAKSUS 6mm<\/p>\n","protected":false},"excerpt":{"rendered":"<p>KAAL 3.42g<br \/>\nMATERJAL 925 h\u00f5be, rodeeritud<br \/>\nKIVI T\u00dc\u00dcP Austria kristall ja tsirkoonid<br \/>\nKIVI SUURUS 10mm<br \/>\nV\u00c4RVID Electric Blue<\/p>\n","protected":false},"featured_media":65115,"template":"","meta":[],"product_brand":[],"product_cat":[521,522],"product_tag":[],"class_list":{"0":"post-63332","1":"product","2":"type-product","3":"status-publish","4":"has-post-thumbnail","6":"product_cat-marmara","7":"product_cat-charms","9":"first","10":"instock","11":"taxable","12":"shipping-taxable","13":"purchasable","14":"product-type-simple"},"_links":{"self":[{"href":"https:\/\/parlipesa.ee\/ru\/wp-json\/wp\/v2\/product\/63332","targetHints":{"allow":["GET"]}}],"collection":[{"href":"https:\/\/parlipesa.ee\/ru\/wp-json\/wp\/v2\/product"}],"about":[{"href":"https:\/\/parlipesa.ee\/ru\/wp-json\/wp\/v2\/types\/product"}],"wp:featuredmedia":[{"embeddable":true,"href":"https:\/\/parlipesa.ee\/ru\/wp-json\/wp\/v2\/media\/65115"}],"wp:attachment":[{"href":"https:\/\/parlipesa.ee\/ru\/wp-json\/wp\/v2\/media?parent=63332"}],"wp:term":[{"taxonomy":"product_brand","embeddable":true,"href":"https:\/\/parlipesa.ee\/ru\/wp-json\/wp\/v2\/product_brand?post=63332"},{"taxonomy":"product_cat","embeddable":true,"href":"https:\/\/parlipesa.ee\/ru\/wp-json\/wp\/v2\/product_cat?post=63332"},{"taxonomy":"product_tag","embeddable":true,"href":"https:\/\/parlipesa.ee\/ru\/wp-json\/wp\/v2\/product_tag?post=63332"}],"curies":[{"name":"wp","href":"https:\/\/api.w.org\/{rel}","templated":true}]}}