{"id":61594,"date":"2023-07-18T16:16:44","date_gmt":"2023-07-18T13:16:44","guid":{"rendered":"https:\/\/parlipesa.ee\/pood\/maaratlemata\/korvarongatoorikud-klopsuga-ring-17x12x10mm-auk-1-5mm-brassplatinum\/"},"modified":"2026-04-17T12:04:20","modified_gmt":"2026-04-17T09:04:20","slug":"korvarongatoorikud-klopsuga-ring-17x12x10mm-auk-1-5mm-brassplatinum","status":"publish","type":"product","link":"https:\/\/parlipesa.ee\/ru\/pood\/ehete-osad\/korvarongatoorikud\/korvarongatoorikud-klopsuga-ring-17x12x10mm-auk-1-5mm-brassplatinum\/","title":{"rendered":"K\u00f5rvar\u00f5ngatoorikud Kl\u00f5psuga &#171;Ring&#187; 17x12x10mm (Brass;Platinum)"},"content":{"rendered":"<p>Auk: 1.5mm;<\/p>\n<p>Kogus: 2tk.<\/p>\n","protected":false},"excerpt":{"rendered":"<p>Auk: 1.5mm; Kogus: 2tk.<\/p>\n","protected":false},"featured_media":61813,"template":"","meta":[],"product_brand":[],"product_cat":[520,595],"product_tag":[],"class_list":{"0":"post-61594","1":"product","2":"type-product","3":"status-publish","4":"has-post-thumbnail","6":"product_cat-uued-tooted","7":"product_cat-korvarongatoorikud","9":"first","10":"instock","11":"taxable","12":"shipping-taxable","13":"purchasable","14":"product-type-simple"},"_links":{"self":[{"href":"https:\/\/parlipesa.ee\/ru\/wp-json\/wp\/v2\/product\/61594","targetHints":{"allow":["GET"]}}],"collection":[{"href":"https:\/\/parlipesa.ee\/ru\/wp-json\/wp\/v2\/product"}],"about":[{"href":"https:\/\/parlipesa.ee\/ru\/wp-json\/wp\/v2\/types\/product"}],"wp:featuredmedia":[{"embeddable":true,"href":"https:\/\/parlipesa.ee\/ru\/wp-json\/wp\/v2\/media\/61813"}],"wp:attachment":[{"href":"https:\/\/parlipesa.ee\/ru\/wp-json\/wp\/v2\/media?parent=61594"}],"wp:term":[{"taxonomy":"product_brand","embeddable":true,"href":"https:\/\/parlipesa.ee\/ru\/wp-json\/wp\/v2\/product_brand?post=61594"},{"taxonomy":"product_cat","embeddable":true,"href":"https:\/\/parlipesa.ee\/ru\/wp-json\/wp\/v2\/product_cat?post=61594"},{"taxonomy":"product_tag","embeddable":true,"href":"https:\/\/parlipesa.ee\/ru\/wp-json\/wp\/v2\/product_tag?post=61594"}],"curies":[{"name":"wp","href":"https:\/\/api.w.org\/{rel}","templated":true}]}}