{"id":61549,"date":"2023-07-17T20:17:14","date_gmt":"2023-07-17T17:17:14","guid":{"rendered":"https:\/\/parlipesa.ee\/pood\/maaratlemata\/poolvaariskivide-komplekt-tervis-labradoriit-lasuriit-verekivi\/"},"modified":"2026-05-12T08:03:21","modified_gmt":"2026-05-12T05:03:21","slug":"poolvaariskivide-komplekt-tervis-labradoriit-lasuriit-verekivi","status":"publish","type":"product","link":"https:\/\/parlipesa.ee\/ru\/pood\/parlipesa-ehted\/poolvaariskividest-komplektid\/poolvaariskivide-komplekt-tervis-labradoriit-lasuriit-verekivi\/","title":{"rendered":"Poolv\u00e4\u00e4riskivide komplekt &#171;Tervis&#187; (Labradoriit, Lasuriit, Verekivi)"},"content":{"rendered":"","protected":false},"excerpt":{"rendered":"<p>Poolv\u00e4\u00e4riskivid on pakendatud organza kinkekotti<\/p>\n<p>EAN: 4743332165370<\/p>\n<p>NB! S\u00f5ltuvalt partiist ning ekraani resolutsioonist v\u00f5ib tootel v\u00e4rvi s\u00fcgavus ja heledus varieeruda.<\/p>\n","protected":false},"featured_media":62446,"template":"","meta":[],"product_brand":[],"product_cat":[520,1081,587],"product_tag":[],"class_list":{"0":"post-61549","1":"product","2":"type-product","3":"status-publish","4":"has-post-thumbnail","6":"product_cat-uued-tooted","7":"product_cat-poolvaariskividest-komplektid","8":"product_cat-dekoratsioonid","10":"first","11":"instock","12":"taxable","13":"shipping-taxable","14":"purchasable","15":"product-type-simple"},"_links":{"self":[{"href":"https:\/\/parlipesa.ee\/ru\/wp-json\/wp\/v2\/product\/61549","targetHints":{"allow":["GET"]}}],"collection":[{"href":"https:\/\/parlipesa.ee\/ru\/wp-json\/wp\/v2\/product"}],"about":[{"href":"https:\/\/parlipesa.ee\/ru\/wp-json\/wp\/v2\/types\/product"}],"wp:featuredmedia":[{"embeddable":true,"href":"https:\/\/parlipesa.ee\/ru\/wp-json\/wp\/v2\/media\/62446"}],"wp:attachment":[{"href":"https:\/\/parlipesa.ee\/ru\/wp-json\/wp\/v2\/media?parent=61549"}],"wp:term":[{"taxonomy":"product_brand","embeddable":true,"href":"https:\/\/parlipesa.ee\/ru\/wp-json\/wp\/v2\/product_brand?post=61549"},{"taxonomy":"product_cat","embeddable":true,"href":"https:\/\/parlipesa.ee\/ru\/wp-json\/wp\/v2\/product_cat?post=61549"},{"taxonomy":"product_tag","embeddable":true,"href":"https:\/\/parlipesa.ee\/ru\/wp-json\/wp\/v2\/product_tag?post=61549"}],"curies":[{"name":"wp","href":"https:\/\/api.w.org\/{rel}","templated":true}]}}