{"id":51395,"date":"2021-12-07T19:52:19","date_gmt":"2021-12-07T17:52:19","guid":{"rendered":"https:\/\/parlipesa.ee\/?post_type=product&#038;p=51395"},"modified":"2026-04-22T04:00:17","modified_gmt":"2026-04-22T01:00:17","slug":"korvarongad-925-ovaal-8mm-aquamarine","status":"publish","type":"product","link":"https:\/\/parlipesa.ee\/ru\/pood\/parlipesa-ehted\/soodus\/korvarongad-925-ovaal-8mm-aquamarine\/","title":{"rendered":"K\u00d5RVAR\u00d5NGAD 925 OVAAL 8MM (AQUAMARINE)"},"content":{"rendered":"","protected":false},"excerpt":{"rendered":"<p>M\u00d5\u00d5T:8x6mm<br \/>\nV\u00c4RV: Aquamarine<br \/>\nLISAINFO: 925 Sterling-Silver Rhodium-Plated<br \/>\nEAN: 4743332117904<\/p>\n","protected":false},"featured_media":51396,"template":"","meta":[],"product_brand":[],"product_cat":[1071],"product_tag":[],"class_list":{"0":"post-51395","1":"product","2":"type-product","3":"status-publish","4":"has-post-thumbnail","6":"product_cat-soodus","8":"first","9":"instock","10":"sale","11":"taxable","12":"shipping-taxable","13":"purchasable","14":"product-type-simple"},"_links":{"self":[{"href":"https:\/\/parlipesa.ee\/ru\/wp-json\/wp\/v2\/product\/51395","targetHints":{"allow":["GET"]}}],"collection":[{"href":"https:\/\/parlipesa.ee\/ru\/wp-json\/wp\/v2\/product"}],"about":[{"href":"https:\/\/parlipesa.ee\/ru\/wp-json\/wp\/v2\/types\/product"}],"wp:featuredmedia":[{"embeddable":true,"href":"https:\/\/parlipesa.ee\/ru\/wp-json\/wp\/v2\/media\/51396"}],"wp:attachment":[{"href":"https:\/\/parlipesa.ee\/ru\/wp-json\/wp\/v2\/media?parent=51395"}],"wp:term":[{"taxonomy":"product_brand","embeddable":true,"href":"https:\/\/parlipesa.ee\/ru\/wp-json\/wp\/v2\/product_brand?post=51395"},{"taxonomy":"product_cat","embeddable":true,"href":"https:\/\/parlipesa.ee\/ru\/wp-json\/wp\/v2\/product_cat?post=51395"},{"taxonomy":"product_tag","embeddable":true,"href":"https:\/\/parlipesa.ee\/ru\/wp-json\/wp\/v2\/product_tag?post=51395"}],"curies":[{"name":"wp","href":"https:\/\/api.w.org\/{rel}","templated":true}]}}