{"id":47811,"date":"2021-08-09T17:29:02","date_gmt":"2021-08-09T14:29:02","guid":{"rendered":"https:\/\/demo.logic.ee\/parlipesa-ecommerce\/shop\/maaratlemata\/klaasist-kasitoohelmes-ca-20x20-mm-redish-brown\/"},"modified":"2026-04-10T12:25:46","modified_gmt":"2026-04-10T09:25:46","slug":"klaasist-kasitoohelmes-ca-20x20-mm-redish-brown","status":"publish","type":"product","link":"https:\/\/parlipesa.ee\/ru\/pood\/klaashelmed\/muud-kujud\/klaasist-kasitoohelmes-ca-20x20-mm-redish-brown\/","title":{"rendered":"K\u00c4SIT\u00d6\u00d6HELMES KLAASIST CA 20x20MM (REDISH BROWN)"},"content":{"rendered":"<p>Kogus: 1 tk<\/p>\n","protected":false},"excerpt":{"rendered":"<p>Kogus: 1 tk<\/p>\n","protected":false},"featured_media":47812,"template":"","meta":[],"product_brand":[],"product_cat":[615],"product_tag":[],"class_list":{"0":"post-47811","1":"product","2":"type-product","3":"status-publish","4":"has-post-thumbnail","6":"product_cat-muud-kujud","8":"first","9":"instock","10":"taxable","11":"shipping-taxable","12":"purchasable","13":"product-type-simple"},"_links":{"self":[{"href":"https:\/\/parlipesa.ee\/ru\/wp-json\/wp\/v2\/product\/47811","targetHints":{"allow":["GET"]}}],"collection":[{"href":"https:\/\/parlipesa.ee\/ru\/wp-json\/wp\/v2\/product"}],"about":[{"href":"https:\/\/parlipesa.ee\/ru\/wp-json\/wp\/v2\/types\/product"}],"wp:featuredmedia":[{"embeddable":true,"href":"https:\/\/parlipesa.ee\/ru\/wp-json\/wp\/v2\/media\/47812"}],"wp:attachment":[{"href":"https:\/\/parlipesa.ee\/ru\/wp-json\/wp\/v2\/media?parent=47811"}],"wp:term":[{"taxonomy":"product_brand","embeddable":true,"href":"https:\/\/parlipesa.ee\/ru\/wp-json\/wp\/v2\/product_brand?post=47811"},{"taxonomy":"product_cat","embeddable":true,"href":"https:\/\/parlipesa.ee\/ru\/wp-json\/wp\/v2\/product_cat?post=47811"},{"taxonomy":"product_tag","embeddable":true,"href":"https:\/\/parlipesa.ee\/ru\/wp-json\/wp\/v2\/product_tag?post=47811"}],"curies":[{"name":"wp","href":"https:\/\/api.w.org\/{rel}","templated":true}]}}