{"id":47549,"date":"2021-08-09T17:25:32","date_gmt":"2021-08-09T14:25:32","guid":{"rendered":"https:\/\/demo.logic.ee\/parlipesa-ecommerce\/shop\/maaratlemata\/kasitoohelmes-portseln-parli-efektiga-20mm-dark-orchid\/"},"modified":"2026-04-22T06:24:50","modified_gmt":"2026-04-22T03:24:50","slug":"kasitoohelmes-portseln-parli-efektiga-20mm-dark-orchid","status":"publish","type":"product","link":"https:\/\/parlipesa.ee\/ru\/pood\/klaashelmed\/umarad-klaashelmed\/kasitoohelmes-portseln-parli-efektiga-20mm-dark-orchid\/","title":{"rendered":"K\u00c4SIT\u00d6\u00d6HELMES PORTSELN P\u00c4RLI EFEKTIGA 20MM (DARK ORCHID)"},"content":{"rendered":"<p>Auk: 5mm;<\/p>\n<p>Kogus: 1tk<\/p>\n","protected":false},"excerpt":{"rendered":"<p>Auk: 5mm; Kogus: 1tk<\/p>\n","protected":false},"featured_media":47550,"template":"","meta":[],"product_brand":[],"product_cat":[520,619],"product_tag":[],"class_list":{"0":"post-47549","1":"product","2":"type-product","3":"status-publish","4":"has-post-thumbnail","6":"product_cat-uued-tooted","7":"product_cat-umarad-klaashelmed","9":"first","10":"instock","11":"taxable","12":"shipping-taxable","13":"purchasable","14":"product-type-simple"},"_links":{"self":[{"href":"https:\/\/parlipesa.ee\/ru\/wp-json\/wp\/v2\/product\/47549","targetHints":{"allow":["GET"]}}],"collection":[{"href":"https:\/\/parlipesa.ee\/ru\/wp-json\/wp\/v2\/product"}],"about":[{"href":"https:\/\/parlipesa.ee\/ru\/wp-json\/wp\/v2\/types\/product"}],"wp:featuredmedia":[{"embeddable":true,"href":"https:\/\/parlipesa.ee\/ru\/wp-json\/wp\/v2\/media\/47550"}],"wp:attachment":[{"href":"https:\/\/parlipesa.ee\/ru\/wp-json\/wp\/v2\/media?parent=47549"}],"wp:term":[{"taxonomy":"product_brand","embeddable":true,"href":"https:\/\/parlipesa.ee\/ru\/wp-json\/wp\/v2\/product_brand?post=47549"},{"taxonomy":"product_cat","embeddable":true,"href":"https:\/\/parlipesa.ee\/ru\/wp-json\/wp\/v2\/product_cat?post=47549"},{"taxonomy":"product_tag","embeddable":true,"href":"https:\/\/parlipesa.ee\/ru\/wp-json\/wp\/v2\/product_tag?post=47549"}],"curies":[{"name":"wp","href":"https:\/\/api.w.org\/{rel}","templated":true}]}}