{"id":44846,"date":"2021-08-09T14:31:49","date_gmt":"2021-08-09T11:31:49","guid":{"rendered":"https:\/\/demo.logic.ee\/parlipesa-ecommerce\/shop\/maaratlemata\/ripats-sodiaagimark-jaar-12x1mm-golden\/"},"modified":"2026-04-28T22:00:25","modified_gmt":"2026-04-28T19:00:25","slug":"ripats-sodiaagimark-jaar-12x1mm-golden","status":"publish","type":"product","link":"https:\/\/parlipesa.ee\/ru\/pood\/ehete-osad\/ripatsid-ehete-osad\/ripats-sodiaagimark-jaar-12x1mm-golden\/","title":{"rendered":"RIPATS SODIAAGIM\u00c4RK J\u00c4\u00c4R\u201d 12x1MM (GOLDEN)"},"content":{"rendered":"<p>Aas: 3mm;<\/p>\n<p>Kogus: 1tk<\/p>\n","protected":false},"excerpt":{"rendered":"<p>Aas: 3mm; Kogus: 1tk<\/p>\n","protected":false},"featured_media":44847,"template":"","meta":[],"product_brand":[],"product_cat":[599],"product_tag":[],"class_list":{"0":"post-44846","1":"product","2":"type-product","3":"status-publish","4":"has-post-thumbnail","6":"product_cat-ripatsid-ehete-osad","8":"first","9":"instock","10":"taxable","11":"shipping-taxable","12":"purchasable","13":"product-type-simple"},"_links":{"self":[{"href":"https:\/\/parlipesa.ee\/ru\/wp-json\/wp\/v2\/product\/44846","targetHints":{"allow":["GET"]}}],"collection":[{"href":"https:\/\/parlipesa.ee\/ru\/wp-json\/wp\/v2\/product"}],"about":[{"href":"https:\/\/parlipesa.ee\/ru\/wp-json\/wp\/v2\/types\/product"}],"wp:featuredmedia":[{"embeddable":true,"href":"https:\/\/parlipesa.ee\/ru\/wp-json\/wp\/v2\/media\/44847"}],"wp:attachment":[{"href":"https:\/\/parlipesa.ee\/ru\/wp-json\/wp\/v2\/media?parent=44846"}],"wp:term":[{"taxonomy":"product_brand","embeddable":true,"href":"https:\/\/parlipesa.ee\/ru\/wp-json\/wp\/v2\/product_brand?post=44846"},{"taxonomy":"product_cat","embeddable":true,"href":"https:\/\/parlipesa.ee\/ru\/wp-json\/wp\/v2\/product_cat?post=44846"},{"taxonomy":"product_tag","embeddable":true,"href":"https:\/\/parlipesa.ee\/ru\/wp-json\/wp\/v2\/product_tag?post=44846"}],"curies":[{"name":"wp","href":"https:\/\/api.w.org\/{rel}","templated":true}]}}