{"id":72609,"date":"2026-02-08T16:37:30","date_gmt":"2026-02-08T14:37:30","guid":{"rendered":"https:\/\/parlipesa.ee\/pood\/maaratlemata\/925-hobe-korvarongad-ripatsiga-silver-light-purple\/"},"modified":"2026-04-17T06:25:36","modified_gmt":"2026-04-17T03:25:36","slug":"925-hobe-korvarongad-ripatsiga-silver-light-purple","status":"publish","type":"product","link":"https:\/\/parlipesa.ee\/fi\/pood\/hobeehted\/925korvarongad\/925-hobe-korvarongad-ripatsiga-silver-light-purple\/","title":{"rendered":"925 H\u00f5be K\u00f5rvar\u00f5ngad Ripatsiga (Silver, Light Purple)"},"content":{"rendered":"<div class=\"metal-specs-wrapper\">\n<div id=\"element\" class=\"mage-accordion-disabled\" role=\"tablist\">\n<div class=\"specs-wrapper metal\" role=\"tabpanel\" data-role=\"content\" aria-hidden=\"false\">\n<div class=\"attribute lisainfo\">MATERJAL \u2013\u00a0<span class=\"value\">925 h\u00f5be, rodeeritud<\/span><\/div>\n<div class=\"attribute lisainfo\">KAAL \u2013 3,60g<\/div>\n<div class=\"attribute varv\">V\u00c4RV \u2013\u00a0<span class=\"value\">Light Purple<\/span><\/div>\n<div class=\"attribute moodud\">KIVI T\u00dc\u00dcP \u2013\u00a0<span class=\"value\">Klaas<\/span><\/div>\n<\/div>\n<\/div>\n<\/div>\n<div class=\"discount-container\">\n<div id=\"payment-request-button\" class=\"payment-request-button StripeElement\">\n<div class=\"attribute diameter\">DIAMEETER \u2013\u00a0 19mm, kivi 7mm<br \/>\nPAKSUS \u2013 2mm<\/div>\n<\/div>\n<\/div>\n","protected":false},"excerpt":{"rendered":"<p>MATERJAL \u2013\u00a0925 h\u00f5be, rodeeritud KAAL \u2013 3,60g V\u00c4RV \u2013\u00a0Light Purple KIVI T\u00dc\u00dcP \u2013\u00a0Klaas DIAMEETER \u2013\u00a0 19mm, kivi 7mm PAKSUS \u2013 2mm<\/p>\n","protected":false},"featured_media":72841,"template":"","meta":[],"product_brand":[],"product_cat":[520,1108,1109],"product_tag":[],"class_list":{"0":"post-72609","1":"product","2":"type-product","3":"status-publish","4":"has-post-thumbnail","6":"product_cat-uued-tooted","7":"product_cat-hobeehted","8":"product_cat-925korvarongad","10":"first","11":"instock","12":"taxable","13":"shipping-taxable","14":"purchasable","15":"product-type-simple"},"_links":{"self":[{"href":"https:\/\/parlipesa.ee\/fi\/wp-json\/wp\/v2\/product\/72609","targetHints":{"allow":["GET"]}}],"collection":[{"href":"https:\/\/parlipesa.ee\/fi\/wp-json\/wp\/v2\/product"}],"about":[{"href":"https:\/\/parlipesa.ee\/fi\/wp-json\/wp\/v2\/types\/product"}],"wp:featuredmedia":[{"embeddable":true,"href":"https:\/\/parlipesa.ee\/fi\/wp-json\/wp\/v2\/media\/72841"}],"wp:attachment":[{"href":"https:\/\/parlipesa.ee\/fi\/wp-json\/wp\/v2\/media?parent=72609"}],"wp:term":[{"taxonomy":"product_brand","embeddable":true,"href":"https:\/\/parlipesa.ee\/fi\/wp-json\/wp\/v2\/product_brand?post=72609"},{"taxonomy":"product_cat","embeddable":true,"href":"https:\/\/parlipesa.ee\/fi\/wp-json\/wp\/v2\/product_cat?post=72609"},{"taxonomy":"product_tag","embeddable":true,"href":"https:\/\/parlipesa.ee\/fi\/wp-json\/wp\/v2\/product_tag?post=72609"}],"curies":[{"name":"wp","href":"https:\/\/api.w.org\/{rel}","templated":true}]}}