{"id":72605,"date":"2026-02-08T16:37:30","date_gmt":"2026-02-08T14:37:30","guid":{"rendered":"https:\/\/parlipesa.ee\/pood\/maaratlemata\/925-hobe-stud-korvarongad-suda-tsirkooniga-3mm-rose-gold\/"},"modified":"2026-04-17T10:30:28","modified_gmt":"2026-04-17T07:30:28","slug":"925-hobe-stud-korvarongad-suda-tsirkooniga-3mm-rose-gold","status":"publish","type":"product","link":"https:\/\/parlipesa.ee\/fi\/pood\/hobeehted\/925korvarongad\/925-hobe-stud-korvarongad-suda-tsirkooniga-3mm-rose-gold\/","title":{"rendered":"925 H\u00f5be Stud K\u00f5rvar\u00f5ngad S\u00fcda Tsirkooniga 3mm (Rose Gold)"},"content":{"rendered":"<div class=\"metal-specs-wrapper\">\n<div id=\"element\" class=\"mage-accordion-disabled\" role=\"tablist\">\n<div class=\"specs-wrapper metal\" role=\"tabpanel\" data-role=\"content\" aria-hidden=\"false\">\n<div class=\"attribute lisainfo\">MATERJAL \u2013\u00a0925 h\u00f5be, 18K ros\u00e9 kullaga kullatud<br \/>\nKAAL \u2013 1,11g<br \/>\nV\u00c4RV \u2013 Crystal<br \/>\nKIVI T\u00dc\u00dcP \u2013 Tsirkoon<br \/>\nKIVI DIAMEETER \u2013 3mm, koos raamiga 5mm<br \/>\nPIKKUS \u2013 \u00a012mm (n\u00f5elaga)<\/div>\n<\/div>\n<\/div>\n<\/div>\n","protected":false},"excerpt":{"rendered":"<p>MATERJAL \u2013\u00a0925 h\u00f5be, 18K ros\u00e9 kullaga kullatud KAAL \u2013 1,11g V\u00c4RV \u2013 Crystal KIVI T\u00dc\u00dcP \u2013 Tsirkoon KIVI DIAMEETER \u2013 3mm, koos raamiga 5mm PIKKUS \u2013 \u00a012mm (n\u00f5elaga)<\/p>\n","protected":false},"featured_media":72723,"template":"","meta":[],"product_brand":[],"product_cat":[520,1108,1109],"product_tag":[],"class_list":{"0":"post-72605","1":"product","2":"type-product","3":"status-publish","4":"has-post-thumbnail","6":"product_cat-uued-tooted","7":"product_cat-hobeehted","8":"product_cat-925korvarongad","10":"first","11":"instock","12":"taxable","13":"shipping-taxable","14":"purchasable","15":"product-type-simple"},"_links":{"self":[{"href":"https:\/\/parlipesa.ee\/fi\/wp-json\/wp\/v2\/product\/72605","targetHints":{"allow":["GET"]}}],"collection":[{"href":"https:\/\/parlipesa.ee\/fi\/wp-json\/wp\/v2\/product"}],"about":[{"href":"https:\/\/parlipesa.ee\/fi\/wp-json\/wp\/v2\/types\/product"}],"wp:featuredmedia":[{"embeddable":true,"href":"https:\/\/parlipesa.ee\/fi\/wp-json\/wp\/v2\/media\/72723"}],"wp:attachment":[{"href":"https:\/\/parlipesa.ee\/fi\/wp-json\/wp\/v2\/media?parent=72605"}],"wp:term":[{"taxonomy":"product_brand","embeddable":true,"href":"https:\/\/parlipesa.ee\/fi\/wp-json\/wp\/v2\/product_brand?post=72605"},{"taxonomy":"product_cat","embeddable":true,"href":"https:\/\/parlipesa.ee\/fi\/wp-json\/wp\/v2\/product_cat?post=72605"},{"taxonomy":"product_tag","embeddable":true,"href":"https:\/\/parlipesa.ee\/fi\/wp-json\/wp\/v2\/product_tag?post=72605"}],"curies":[{"name":"wp","href":"https:\/\/api.w.org\/{rel}","templated":true}]}}