{"id":72599,"date":"2026-02-08T16:37:28","date_gmt":"2026-02-08T14:37:28","guid":{"rendered":"https:\/\/parlipesa.ee\/pood\/maaratlemata\/925-hobe-korvarongad-ametust-silver\/"},"modified":"2026-04-10T00:25:19","modified_gmt":"2026-04-09T21:25:19","slug":"925-hobe-korvarongad-ametust-silver","status":"publish","type":"product","link":"https:\/\/parlipesa.ee\/fi\/pood\/hobeehted\/925korvarongad\/925-hobe-korvarongad-ametust-silver\/","title":{"rendered":"925 H\u00f5be K\u00f5rvar\u00f5ngad Amet\u00fcst (Silver)"},"content":{"rendered":"<p>MATERJAL \u2013\u00a0925 h\u00f5be, rodeeritud<br \/>\nKAAL \u2013 2,79g<br \/>\nV\u00c4RV \u2013\u00a0Amet\u00fcst<br \/>\nKIVI T\u00dc\u00dcP \u2013\u00a0Poolv\u00e4\u00e4riskivi<br \/>\nDIAMEETER \u2013\u00a025mm<br \/>\nPAKSUS \u2013 10mm<\/p>\n","protected":false},"excerpt":{"rendered":"<p>MATERJAL \u2013\u00a0925 h\u00f5be, rodeeritud KAAL \u2013 2,79g V\u00c4RV \u2013\u00a0Amet\u00fcst KIVI T\u00dc\u00dcP \u2013\u00a0Poolv\u00e4\u00e4riskivi DIAMEETER \u2013\u00a025mm PAKSUS \u2013 10mm<\/p>\n","protected":false},"featured_media":73116,"template":"","meta":[],"product_brand":[],"product_cat":[520,1108,1109],"product_tag":[],"class_list":{"0":"post-72599","1":"product","2":"type-product","3":"status-publish","4":"has-post-thumbnail","6":"product_cat-uued-tooted","7":"product_cat-hobeehted","8":"product_cat-925korvarongad","10":"first","11":"instock","12":"taxable","13":"shipping-taxable","14":"purchasable","15":"product-type-simple"},"_links":{"self":[{"href":"https:\/\/parlipesa.ee\/fi\/wp-json\/wp\/v2\/product\/72599","targetHints":{"allow":["GET"]}}],"collection":[{"href":"https:\/\/parlipesa.ee\/fi\/wp-json\/wp\/v2\/product"}],"about":[{"href":"https:\/\/parlipesa.ee\/fi\/wp-json\/wp\/v2\/types\/product"}],"wp:featuredmedia":[{"embeddable":true,"href":"https:\/\/parlipesa.ee\/fi\/wp-json\/wp\/v2\/media\/73116"}],"wp:attachment":[{"href":"https:\/\/parlipesa.ee\/fi\/wp-json\/wp\/v2\/media?parent=72599"}],"wp:term":[{"taxonomy":"product_brand","embeddable":true,"href":"https:\/\/parlipesa.ee\/fi\/wp-json\/wp\/v2\/product_brand?post=72599"},{"taxonomy":"product_cat","embeddable":true,"href":"https:\/\/parlipesa.ee\/fi\/wp-json\/wp\/v2\/product_cat?post=72599"},{"taxonomy":"product_tag","embeddable":true,"href":"https:\/\/parlipesa.ee\/fi\/wp-json\/wp\/v2\/product_tag?post=72599"}],"curies":[{"name":"wp","href":"https:\/\/api.w.org\/{rel}","templated":true}]}}