{"id":57774,"date":"2022-11-30T00:00:11","date_gmt":"2022-11-29T22:00:11","guid":{"rendered":"https:\/\/parlipesa.ee\/pood\/maaratlemata\/925-hobe-pearl-cystal-korvarongaripatsid-rose-gold\/"},"modified":"2026-04-10T10:05:01","modified_gmt":"2026-04-10T07:05:01","slug":"925-hobe-pearl-cystal-korvarongaripatsid-rose-gold","status":"publish","type":"product","link":"https:\/\/parlipesa.ee\/fi\/pood\/marmara\/charms\/925-hobe-pearl-cystal-korvarongaripatsid-rose-gold\/","title":{"rendered":"925 H\u00f5be Pearl Cystal k\u00f5rvar\u00f5ngaripatsid, rose gold"},"content":{"rendered":"","protected":false},"excerpt":{"rendered":"<p>MATERJAL &#8211; 925 h\u00f5be, 18K ros\u00e9 kullaga kullatud<br \/>\nKAAL &#8211; 2.17g<br \/>\nKIVI T\u00dc\u00dcP &#8211; Austria kristall<\/p>\n","protected":false},"featured_media":65244,"template":"","meta":[],"product_brand":[],"product_cat":[521,522],"product_tag":[],"class_list":{"0":"post-57774","1":"product","2":"type-product","3":"status-publish","4":"has-post-thumbnail","6":"product_cat-marmara","7":"product_cat-charms","9":"first","10":"instock","11":"taxable","12":"shipping-taxable","13":"purchasable","14":"product-type-simple"},"_links":{"self":[{"href":"https:\/\/parlipesa.ee\/fi\/wp-json\/wp\/v2\/product\/57774","targetHints":{"allow":["GET"]}}],"collection":[{"href":"https:\/\/parlipesa.ee\/fi\/wp-json\/wp\/v2\/product"}],"about":[{"href":"https:\/\/parlipesa.ee\/fi\/wp-json\/wp\/v2\/types\/product"}],"wp:featuredmedia":[{"embeddable":true,"href":"https:\/\/parlipesa.ee\/fi\/wp-json\/wp\/v2\/media\/65244"}],"wp:attachment":[{"href":"https:\/\/parlipesa.ee\/fi\/wp-json\/wp\/v2\/media?parent=57774"}],"wp:term":[{"taxonomy":"product_brand","embeddable":true,"href":"https:\/\/parlipesa.ee\/fi\/wp-json\/wp\/v2\/product_brand?post=57774"},{"taxonomy":"product_cat","embeddable":true,"href":"https:\/\/parlipesa.ee\/fi\/wp-json\/wp\/v2\/product_cat?post=57774"},{"taxonomy":"product_tag","embeddable":true,"href":"https:\/\/parlipesa.ee\/fi\/wp-json\/wp\/v2\/product_tag?post=57774"}],"curies":[{"name":"wp","href":"https:\/\/api.w.org\/{rel}","templated":true}]}}