{"id":57750,"date":"2022-11-30T00:00:07","date_gmt":"2022-11-29T22:00:07","guid":{"rendered":"https:\/\/parlipesa.ee\/pood\/maaratlemata\/925-hobe-baaskorvarongad-rose-gold-3\/"},"modified":"2026-04-10T02:04:19","modified_gmt":"2026-04-09T23:04:19","slug":"925-hobe-baaskorvarongad-rose-gold-3","status":"publish","type":"product","link":"https:\/\/parlipesa.ee\/fi\/pood\/marmara\/korvarongad\/925-hobe-baaskorvarongad-rose-gold-3\/","title":{"rendered":"925 H\u00f5be baask\u00f5rvar\u00f5ngad, rose gold"},"content":{"rendered":"<p>LAIUS &#8211; 5mm<br \/>\nDIAMEETER &#8211; 12mm<\/p>\n","protected":false},"excerpt":{"rendered":"<p>MATERJAL &#8211; 925 h\u00f5be, 18K ros\u00e9 kullaga kullatud<br \/>\nKAAL &#8211; 4.2g<br \/>\nKIVI T\u00dc\u00dcP &#8211; Tsirkoon<\/p>\n","protected":false},"featured_media":65393,"template":"","meta":[],"product_brand":[],"product_cat":[521,524],"product_tag":[],"class_list":{"0":"post-57750","1":"product","2":"type-product","3":"status-publish","4":"has-post-thumbnail","6":"product_cat-marmara","7":"product_cat-korvarongad","9":"first","10":"instock","11":"taxable","12":"shipping-taxable","13":"purchasable","14":"product-type-simple"},"_links":{"self":[{"href":"https:\/\/parlipesa.ee\/fi\/wp-json\/wp\/v2\/product\/57750","targetHints":{"allow":["GET"]}}],"collection":[{"href":"https:\/\/parlipesa.ee\/fi\/wp-json\/wp\/v2\/product"}],"about":[{"href":"https:\/\/parlipesa.ee\/fi\/wp-json\/wp\/v2\/types\/product"}],"wp:featuredmedia":[{"embeddable":true,"href":"https:\/\/parlipesa.ee\/fi\/wp-json\/wp\/v2\/media\/65393"}],"wp:attachment":[{"href":"https:\/\/parlipesa.ee\/fi\/wp-json\/wp\/v2\/media?parent=57750"}],"wp:term":[{"taxonomy":"product_brand","embeddable":true,"href":"https:\/\/parlipesa.ee\/fi\/wp-json\/wp\/v2\/product_brand?post=57750"},{"taxonomy":"product_cat","embeddable":true,"href":"https:\/\/parlipesa.ee\/fi\/wp-json\/wp\/v2\/product_cat?post=57750"},{"taxonomy":"product_tag","embeddable":true,"href":"https:\/\/parlipesa.ee\/fi\/wp-json\/wp\/v2\/product_tag?post=57750"}],"curies":[{"name":"wp","href":"https:\/\/api.w.org\/{rel}","templated":true}]}}