{"id":49429,"date":"2021-09-28T17:51:11","date_gmt":"2021-09-28T14:51:11","guid":{"rendered":"https:\/\/parlipesa.ee\/tellimine\/"},"modified":"2023-08-21T18:00:47","modified_gmt":"2023-08-21T15:00:47","slug":"tellimine","status":"publish","type":"page","link":"https:\/\/parlipesa.ee\/fi\/tellimine\/","title":{"rendered":"Tilaaminen"},"content":{"rendered":"\n<p><strong>Hyv\u00e4 P\u00e4rlipesan vierailija!&nbsp;<\/strong><\/p>\n\n\n\n<p><strong>T\u00e4ll\u00e4 sivulla l\u00f6yd\u00e4t koko tarvitsemasi tiedot tilauksen tekemisest\u00e4, maksamisesta, transportista sek\u00e4 alennuksista.<\/strong><\/p>\n\n\n\n<p><strong>Mit\u00e4 enemm\u00e4n, sit\u00e4 halvempaa!<\/strong><\/p>\n\n\n\n<p>Tilaamalla P\u00e4rlipesasta tuotteita v\u00e4hint\u00e4\u00e4n::<\/p>\n\n\n\n<p><strong>\u2013 &nbsp; 15&nbsp;<\/strong>Eurolla, saatte , jokaisesta tilauksesta 5% alennusta. Tilaamalla<\/p>\n\n\n\n<p><strong>\u2013 &nbsp; 30&nbsp;<\/strong>Eurolla, saatte, jokaisesta tilauksesta 10% alennusta. Alkaen<\/p>\n\n\n\n<p><strong>\u2013 &nbsp; 50&nbsp;<\/strong>Euroa on alennus jo 15%<\/p>\n\n\n\n<p><strong>\u2013 100 &nbsp;<\/strong>&nbsp;Euron tilauksesta saatte alennusta 25%<\/p>\n\n\n\n<p><strong>\u2013 300 &nbsp;<\/strong>&nbsp;Euron tilauksesta saatte alennusta 30%<\/p>\n\n\n\n<p><strong>NB!&nbsp;<\/strong>N\u00e4m\u00e4 alennukset eiv\u00e4t sovellu alekampanjoiden aikana!<\/p>\n\n\n\n<p><strong>Maksaminen<\/strong><\/p>\n\n\n\n<p>Ostoskoriin valituista tuotteista on mahdollista maksaa kolmella tavallla::<\/p>\n\n\n\n<p><strong>1)<\/strong>&nbsp;Meid\u00e4n nettisivuilla tilauksen virastamisessa pankkisivun kautta<\/p>\n\n\n\n<p><strong>2)<\/strong>&nbsp;L\u00e4het\u00e4mme lis\u00e4\u00e4m\u00e4nne s\u00e4hk\u00f6postiosoitteeseen laskun, mink\u00e4 voitte maksaa toiveiden mukaisesti<\/p>\n\n\n\n<p><strong>3)\u00a0<\/strong>P\u00e4rlipesa kaupassa Narva mnt. 13, Tallinna.<\/p>\n\n\n\n<p><strong>Miten tilauksenne saapuvat teille P\u00e4rlipesast\u00e4?<\/strong><\/p>\n\n\n\n<p>Ilman lis\u00e4kustannuksia\u2026<\/p>\n\n\n\n<p>1) Itse hakemalla \u2013 Jos valitsitte tuotteen vastaanottamiseksi kent\u00e4n \u201dtulen itse hakemaan tilaamani tuotteet\u201d, saatte tilaamani tuotteet P\u00c4RLIPESA O\u00dc\u2019n kaupasta osoitteella Narva mnt. 13, Tallinna. Tuotteiden luovutus tapahtuu kaupan aukioloajalla MA-PE kl 10-18, LA 11-15.<\/p>\n\n\n\n<p>2) Tilaamalla v\u00e4hint\u00e4\u00e4n 30 eurolla on tuotteiden transportti Teille ilman lis\u00e4kustannuksia<\/p>\n\n\n\n<p>Pienell\u00e4 lis\u00e4kustannuksella\u2026<\/p>\n\n\n\n<p>Rekister\u00f6ity maksikirje \u2013 3.84 EUR. Turvallinen ja halpa tapa tuotteiden l\u00e4hetytt\u00e4miseen. Tuotteiden liikkumista pystyy seuraamaaan AS Eesti Post nettisivuilla lis\u00e4\u00e4m\u00e4ll\u00e4 koodin. Koodin l\u00e4het\u00e4mme Teille s\u00e4hk\u00f6postilla heti tuotteiden l\u00e4hett\u00e4misen j\u00e4lkeen.<\/p>\n\n\n\n<p>SmartPost \u2013 2.99 EUR. Halpa, turvallinen ja mukava mahdollisuus tuotteiden l\u00e4hett\u00e4miseen Eestiss\u00e4. Valikoimalla t\u00e4m\u00e4n mahdollisuuden, merkatkaa sopivan pakettiautomaatin sijainti huomautuksien kentt\u00e4\u00e4n. Tarkistakaa my\u00f6s lis\u00e4\u00e4m\u00e4nne puhelinnumero, koska tuotteiden saavuttua SmartPost l\u00e4hett\u00e4\u00e4 Teille tekstiviestin. SmartPost palvelujen kanssa voitte tutustua l\u00e4hemmin www.smartpost.ee<\/p>\n\n\n\n<p>Post24 \u2013 3.08 EUR. Halpa, turvallinen ja mukava mahdollisuus tuotteiden l\u00e4hett\u00e4miseen Eestiss\u00e4. Valikoimalla t\u00e4m\u00e4n mahdollisuuden, merkatkaa sopivan pakettiautomaatin sijainti huomautuksien kentt\u00e4\u00e4n. Tarkistakaa my\u00f6s lis\u00e4\u00e4m\u00e4nne puhelinnumero, koska tuotteiden saavuttua Post24 l\u00e4hett\u00e4\u00e4 Teille tekstiviestin. Post24 palvelujen kanssa voitte tutustua l\u00e4hemmin www.omniva.ee<\/p>\n\n\n\n<p>Miellytt\u00e4v\u00e4\u00e4 yhteisty\u00f6t\u00e4 toivottaen,<\/p>\n\n\n\n<p>P\u00e4rlipesa<\/p>\n","protected":false},"excerpt":{"rendered":"<p>Hyv\u00e4 P\u00e4rlipesan vierailija!&nbsp; T\u00e4ll\u00e4 sivulla l\u00f6yd\u00e4t koko tarvitsemasi tiedot tilauksen tekemisest\u00e4, maksamisesta, transportista sek\u00e4 alennuksista. Mit\u00e4 enemm\u00e4n, sit\u00e4 halvempaa! Tilaamalla P\u00e4rlipesasta tuotteita v\u00e4hint\u00e4\u00e4n:: \u2013 &nbsp; 15&nbsp;Eurolla, saatte , jokaisesta tilauksesta 5% alennusta. Tilaamalla \u2013 &nbsp; 30&nbsp;Eurolla, saatte, jokaisesta tilauksesta 10% alennusta. Alkaen \u2013 &nbsp; 50&nbsp;Euroa on alennus jo 15% \u2013 100 &nbsp;&nbsp;Euron tilauksesta saatte alennusta&#8230;  <a class=\"excerpt-read-more\" href=\"https:\/\/parlipesa.ee\/fi\/tellimine\/\" title=\"Read Tilaaminen\">Read more &raquo;<\/a><\/p>\n","protected":false},"author":2412,"featured_media":0,"parent":0,"menu_order":0,"comment_status":"closed","ping_status":"closed","template":"","meta":{"footnotes":""},"class_list":["post-49429","page","type-page","status-publish","hentry"],"_links":{"self":[{"href":"https:\/\/parlipesa.ee\/fi\/wp-json\/wp\/v2\/pages\/49429","targetHints":{"allow":["GET"]}}],"collection":[{"href":"https:\/\/parlipesa.ee\/fi\/wp-json\/wp\/v2\/pages"}],"about":[{"href":"https:\/\/parlipesa.ee\/fi\/wp-json\/wp\/v2\/types\/page"}],"author":[{"embeddable":true,"href":"https:\/\/parlipesa.ee\/fi\/wp-json\/wp\/v2\/users\/2412"}],"replies":[{"embeddable":true,"href":"https:\/\/parlipesa.ee\/fi\/wp-json\/wp\/v2\/comments?post=49429"}],"version-history":[{"count":4,"href":"https:\/\/parlipesa.ee\/fi\/wp-json\/wp\/v2\/pages\/49429\/revisions"}],"predecessor-version":[{"id":62195,"href":"https:\/\/parlipesa.ee\/fi\/wp-json\/wp\/v2\/pages\/49429\/revisions\/62195"}],"wp:attachment":[{"href":"https:\/\/parlipesa.ee\/fi\/wp-json\/wp\/v2\/media?parent=49429"}],"curies":[{"name":"wp","href":"https:\/\/api.w.org\/{rel}","templated":true}]}}