{"id":194,"date":"2021-03-16T15:47:06","date_gmt":"2021-03-16T13:47:06","guid":{"rendered":"https:\/\/demo.logic.ee\/parlipesa-ecommerce\/ostutingimused\/"},"modified":"2024-09-11T16:45:32","modified_gmt":"2024-09-11T13:45:32","slug":"ostutingimused","status":"publish","type":"page","link":"https:\/\/parlipesa.ee\/fi\/ostutingimused\/","title":{"rendered":"Ostosehdot eli k\u00e4ytt\u00f6sopimus"},"content":{"rendered":"\n<p>1.&nbsp;<strong>Ostosehdot<\/strong><\/p>\n\n\n\n<p>1.1 Lis\u00e4ksi nykyisille ehdoille s\u00e4\u00e4t\u00e4v\u00e4t P\u00c4RLIPESA O\u00dc\u2019n kautta tehtyjen ostoksien oikeussuhteita Eestin Tasavallassa p\u00e4tev\u00e4t s\u00e4\u00e4d\u00f6kset. Tuotevalikoima ja hinnat muuttuvat ilmoittamatta.<\/p>\n\n\n\n<p>1.2 Ostamiseen saatavissa olevien tuotteiden m\u00e4\u00e4r\u00e4 on tuotu ajanviiveell\u00e4 ja ne saattavat eristy\u00e4 todellisesta varastotilanteesta.<\/p>\n\n\n\n<p>1.3 Ostos- ja myyntisopimus lasketaan voimassaolevaksi siit\u00e4 hetkest\u00e4, kun sovittu etumaksusumma on vastaanotettu P\u00c4RLIPESU O\u00dc\u2019n tilille tai toimistolla sijaitsevaan kassaan.<\/p>\n\n\n\n<p>1.4 Tilaamanne tuote varataan automaattisesti.<\/p>\n\n\n\n<p>1.5 Ostajan ja P\u00c4RLIPESA O\u00dc\u2019n v\u00e4lill\u00e4 luotujen tilauksien ja ostoksien riidat ratkaistaan neuvottelemalla. Jos ei p\u00e4\u00e4st\u00e4 yhteisymm\u00e4rrykseen, molemmat osapuolet saa suojata oikeuksiaan kuluttajavirastossa tai Tallinnan kaupungin oikeudessa. Erimielisyyksien ratkaisemiseen osapuolet l\u00e4htyv\u00e4t Eestin Tasavallassa p\u00e4tevist\u00e4 s\u00e4\u00e4d\u00f6ksist\u00e4.<\/p>\n\n\n\n<p>2.&nbsp;<strong>Tilaaminen<\/strong><\/p>\n\n\n\n<p>2.1 Valitkaa nettikaupasta tuote, mit\u00e4 haluatte ostaa. Kaikki valitsemanne tuotteet lis\u00e4t\u00e4\u00e4n automaattisesti ostoskoriin.<\/p>\n\n\n\n<p>2.2 Aukaisemalla ostoskorin Teill\u00e4 on mahdollisuus muuttaa tuotteiden m\u00e4\u00e4r\u00e4\u00e4 ja poistaa tuotteita ostoskorista.<\/p>\n\n\n\n<p>2.3 Kun olette valinneet kaikki haluamanne tuotteet ostoskoriin, valitkaa JATKA KASSALLE.<\/p>\n\n\n\n<p>2.4 Tilauksessa t\u00e4ytyy t\u00e4ytt\u00e4\u00e4 kaikki * (t\u00e4hdell\u00e4) merkityt kent\u00e4t.<\/p>\n\n\n\n<p>3.<strong>&nbsp;Hinnat ja maksaminen<\/strong><\/p>\n\n\n\n<p>3.1 Kaikki meid\u00e4n (parlipesa.ee nettikaupassa olevien) hinnat on Euroissa ja sis\u00e4lt\u00e4\u00e4 liikevaihtoveron (k\u00e4ibemaks).<\/p>\n\n\n\n<p>3.2 Haluamanne tuotteen ostoskoriin lis\u00e4\u00e4misen j\u00e4lkeen voitte valita Teille sopivan maksutavan.<\/p>\n\n\n\n<p>3.3 Tuotteista saa maksaa: <\/p>\n\n\n\n<p>1) ESTO nettipankin kautta (Swedbank, LHV, SEB, Luminor, Coop, Citadele ja Revolut).<\/p>\n\n\n\n<p>2) Tuotteen vastaanottamisella (valikoimalla maksutavaksi \u201dmaksan laskun paikanp\u00e4\u00e4ll\u00e4\u201d ja maksaen laskun P\u00c4RLIPESA O\u00dc\u2019n kaupassa osoitteella <strong>Narva mnt. 13, Tallinna<\/strong>). <\/p>\n\n\n\n<p>3) Mastercard- tai Visa luottokortilla. <\/p>\n\n\n\n<p>4) Tilisiirrolla s\u00e4hk\u00f6postiinne l\u00e4hetetyn laskun perusteella.<\/p>\n\n\n\n<p>4.&nbsp;<strong>Toimitus ja transportti<\/strong><\/p>\n\n\n\n<p>4.1 Tuotteet postitetaan viimeist\u00e4\u00e4n kahden ty\u00f6p\u00e4iv\u00e4n aikana tilisiirron j\u00e4lkeen (alekampanjan aikana postitetaan tilaukset 3-4 ty\u00f6p\u00e4iv\u00e4n aikana.<\/p>\n\n\n\n<p>4.2 Jos valitsitte tuotteen vastaanottamiseksi kent\u00e4n \u201dtulen itse hakemaan tilaamani tuotteet\u201d, saatte tilaamanne tuotteet P\u00c4RLIPESA O\u00dc\u2019n kaupasta osoitteella <strong>Narva mnt. 13, Tallinna<\/strong>. Tuotteiden luovutus tapahtuu kaupan aukioloajalla MA-PE kl 10-18, LA 11-15.<\/p>\n\n\n\n<p>4.3 Tilaamanne tuotteiden kaupasta luovutusta varten pyyd\u00e4mme ottamaan mukaan tilauksen\/laskun, mik\u00e4 l\u00e4hetettiin Teid\u00e4n s\u00e4hk\u00f6postiin, tai tilauksen\/laskun numero.<\/p>\n\n\n\n<p>4.4 Muut transporttimahdollisuukset toimivat palveluja osoittavien yrityksien mukaisien ehtojen ja hinnastojen perusteella.<\/p>\n\n\n\n<p><\/p>\n\n\n\n<p><strong>5.&nbsp;<strong>Tilauksen peruuttaminen ja tuotteiden palautus<\/strong>&nbsp;<\/strong><\/p>\n\n\n\n<p>5.1 Teill\u00e4 on oikeus tuotteiden maksamisen j\u00e4lkeen, mutta ennen tuotteiden luovutusta peruuttaa tilauksenne, l\u00e4hett\u00e4m\u00e4ll\u00e4 P\u00c4RLIPESA O\u00dc\u2019n s\u00e4hk\u00f6postiosoitteelle <a href=\"mailto:e-&#112;oo&#100;&#64;&#112;&#97;&#114;l&#105;&#112;esa.&#101;e\">e&#45;p&#111;od&#64;p&#97;rlip&#101;&#115;a&#46;&#101;&#101;<\/a> vastaava ilmoitus tilauksen numerolla sek\u00e4 tilinumeronne tai soittamalla P\u00c4RLIPESA O\u00dc numerolle <a href=\"tel: +372 5553 4915\" data-type=\"tel\" data-id=\"tel: +372 5553 4915\">+372 5553 4915<\/a>.<\/p>\n\n\n\n<p>5.2 Tuotteiden vastaanottamisen j\u00e4lkeen Teill\u00e4 on 14 p\u00e4iv\u00e4\u00e4 aikaa tutustua tuotteisiin. Jos ostettu tuote Teille jostain syyst\u00e4 ei sovi, Teill\u00e4 on 15 p\u00e4iv\u00e4\u00e4 aikaa palauttaa tuote tai vaihtaa toiseen tuotteeseen, l\u00e4hett\u00e4m\u00e4ll\u00e4 P\u00c4RLIPESA O\u00dc\u2019n kaupan s\u00e4hk\u00f6postiin <a href=\"mailto:e&#45;&#112;&#111;&#111;&#100;&#64;&#112;&#97;&#114;l&#105;pesa&#46;&#101;&#101;\">&#101;&#45;po&#111;d&#64;&#112;arlipesa.ee<\/a> vastaavan ilmoituksen tilauksen peruuttamiseksi tilauksen numerolla, tai soittamalla P\u00c4RLIPESA O\u00dc\u2019n kontaktinumerolle <a href=\"tel: +372 5553 4915\" data-type=\"tel\" data-id=\"tel: +372 5553 4915\">+372 5553 4915<\/a>.<\/p>\n\n\n\n<p>5.3 Pisteess\u00e4 5.2 edelletyss\u00e4 palautetaan Teille ostoksista maksettu summa Teid\u00e4n tilille viimeist\u00e4\u00e4n 30 p\u00e4iv\u00e4n aikana alkaen vastaavan ilmoituksen saavutettua meid\u00e4t, mik\u00e4li olette samassa ajassa palauttaneet tuotteen.<\/p>\n\n\n\n<p>5.4 Palautetun tuotteen t\u00e4ytyy olla t\u00e4ydellinen (kaikki tuotepakkauksessa olevat asiat pit\u00e4\u00e4 kuulua luovutukseen).<\/p>\n\n\n\n<p>5.5 P\u00c4RLIPESA O\u00dc\u2019n nettikaupalla on oikeus noutaa asiakkaalta tuotteen l\u00e4hetyskulut 10 EURON laajuudella sek\u00e4 laskea summa pois palautussummasta.<\/p>\n\n\n\n<p>5.6 Jos palautettava tuote (ja tuotteen pakkaus) on huonontunud ja sen on aiheuttanut asianolo, mik\u00e4 ei ole johtunut P\u00c4RLIPESA O\u00dc\u2019n takia; sek\u00e4 tuotteen poikkeavan k\u00e4ytt\u00f6tavan tuloksena, on P\u00c4RLIPESA O\u00dc\u2019ll\u00e4 oikeus kuitata tuotteen arvon laskeminen Teid\u00e4n maksetun ja Teille palautettavasta summasta. Kuittaamiseksi P\u00c4RLIPESA O\u00dc l\u00e4hett\u00e4\u00e4 Teille kuittausselvityksen Teid\u00e4n virallistetuun tilaukseen merkittyyn s\u00e4hk\u00f6postiosoitteeseen. Jos Te ette ole tyytyv\u00e4inen kuittaukseen laitettuun tuotteen arvon laskuun, Teill\u00e4 on oikeus tuoda tuotteen arvon laskun tunnistamiseen riippumaton asiantuntija. Asiantuntemukseen liittyv\u00e4t kustannukset jaetaan Teid\u00e4n ja P\u00c4RLIPESA O\u00dc\u2019n v\u00e4lill\u00e4, paitsi jos yhden osapuolen asema osoittautuu perusteettomaksi. T\u00e4ss\u00e4 tilanteessa asiantuntemukseen liittyv\u00e4t kustannuksen maksaa osapuoli, kenen asema osoittautui perusteettomaksi.<\/p>\n\n\n\n<p><strong>6.&nbsp;<strong>Takuu ja vaatimuksista poikkeavan tuotteiden palautus<\/strong><\/strong><\/p>\n\n\n\n<p>6.1 P\u00c4RLIPESA O\u00dc on vastuussa tuotteiden vaatimuksista poikkeavuudesta ja puutteista, mitk\u00e4 n\u00e4kyv\u00e4t kahden vuoden aikana alkaen tuotteen luovutuksesta.<\/p>\n\n\n\n<p>6.2 P\u00c4RLIPESA O\u00dc ei ole vastuussa: <\/p>\n\n\n\n<p>1) Teid\u00e4n syyst\u00e4 tuotteen huonoontumisesta\/rikkoontumisesta. <\/p>\n\n\n\n<p>2) Puutteista, mit\u00e4 on aiheuttanut poikkeava k\u00e4yt\u00f6stapa. <\/p>\n\n\n\n<p>3) Tuotteen fyysisest\u00e4 kulumisesta sit\u00e4 k\u00e4ytt\u00e4ess\u00e4.<\/p>\n\n\n\n<p>6.3 Tuotteen vaatimuksista poikkeavuudesta ja puutteista teill\u00e4 on oikeus noutaa tuotteen korvaaminen vaatimuksien mukaiseen ja puutteita tuotteeseen tai peruuttaa tilaus sek\u00e4 palauttaa vaatimuksista poikkeava tuote P\u00c4RLIPESA O\u00dc\u2019n kustanuuksella.<\/p>\n\n\n\n<p>6.4 Vaatimuksiin eivastaavan tuotteen palauttamisella Teille palautetaan Teid\u00e4n maksettu summa (sis\u00e4lt\u00e4en transporttikulut) Teid\u00e4n tilille viimeist\u00e4\u00e4n 30 p\u00e4iv\u00e4n aikana alkaen tilauksen peruutuksesta ja toivoamastanne tuotteen palautuksen ilmoituksesta.<\/p>\n\n\n\n<p>6.5 Takuuehtojen lis\u00e4ksi Teill\u00e4 on my\u00f6s muut s\u00e4\u00e4d\u00f6ksist\u00e4 tulevat oikeudet.<\/p>\n\n\n\n<p><strong>7.&nbsp;<strong>Vastuu ja ylivoimainen este<\/strong><\/strong><\/p>\n\n\n\n<p>7.1 P\u00c4RLIPESA O\u00dc on vastuullinen Teille ja Te olette vastuullinen P\u00c4RLIPESA O\u00dc\u2019lle. Toiselle osapuolelle nykyisien ehtojen rikkoomisella tehdyist\u00e4 vahingoista on Eestin Tasavallan s\u00e4\u00e4d\u00f6ksiss\u00e4 vastaavia lakeja.<\/p>\n\n\n\n<p>7.2 P\u00c4RLIPESA O\u00dc ei ole vastuussa Teille tehtyjen vahinkojen tai tuotteen transportin viiv\u00e4stymiksest\u00e4, jos vahinko tai tuotteen transportin viiv\u00e4styminen on johtuu asianolosta, mihin P\u00c4RLIPESA O\u00dc ei pysty vaikuttamaan sek\u00e4 mink\u00e4 tapahtumista P\u00c4RLIPESA O\u00dc ei osannut n\u00e4hda tai aavistaa (force majeure).<\/p>\n\n\n\n<p>8.&nbsp;<strong>Yksityisyys<\/strong><\/p>\n\n\n\n<p>8.1 Nettikaupassamme on ostoksien teko turvallista, Teid\u00e4n henkil\u00f6tietoja ei julkaista kolmannille osapuolille. Henkil\u00f6tietoja k\u00e4ytet\u00e4\u00e4n ainoastaan tilauksen t\u00e4ytt\u00e4miseen ja tilaukseen liittyvien kysymyksien tilitykseen.<\/p>\n\n\n\n<p>8.2 Kaikki P\u00c4RLIPESA O\u00dc nettikaupan vierailut ja ostoksien tekemisess\u00e4 selvinneet henkil\u00f6tiedot k\u00e4sitelt\u00e4\u00e4n kuin luottamuksellista tietoa. Salattu datakanava (SSL) pankeissa takaa ostoksen suorittajan henki\u00f6tietojen ja pankkitietojen turvallisuuden. My\u00f6s P\u00c4RLIPESA O\u00dc\u2019ll\u00e4 puuttuu niihin p\u00e4\u00e4sy.<\/p>\n\n\n\n<p>8.3 Luottokorttimaksun suoritukseen Teid\u00e4n suunnataan Korttikeskuksen turvalliseen ymp\u00e4rist\u00f6\u00f6n, miss\u00e4 maksajan tiedot sy\u00f6tet\u00e4\u00e4n siell\u00e4 olevaan tietokantaan ja tallenetaan.<\/p>\n\n\n\n<p>8.5 Vieraillessasi verkkosivuillamme voidaan tallentaa henkil\u00f6tietojasi sivun k\u00e4yt\u00f6st\u00e4 ja vierailluista sivuista. Ker\u00e4tyt tiedot voivat sis\u00e4lt\u00e4\u00e4 teknisi\u00e4 tietoja laitteestasi ja Internet-yhteydest\u00e4si (eli k\u00e4yt\u00f6ss\u00e4 oleva k\u00e4ytt\u00f6j\u00e4rjestelm\u00e4, selainversio, IP-osoite, ev\u00e4steet ja yksil\u00f6lliset tunnukset).<\/p>\n\n\n\n<p>Ev\u00e4steet ovat pieni\u00e4 tekstitiedostoja, jotka tallennetaan tietokoneellesi tai laitteellesi vieraillessasi verkkosivustollamme. Tarkoituksena on parantaa k\u00e4ytt\u00e4j\u00e4kokemusta verkkosivulla, arvioida sis\u00e4ll\u00f6n k\u00e4ytt\u00f6\u00e4 ja tukea palveluiden markkinointia. Ev\u00e4steiden avulla voidaan seurata k\u00e4ytt\u00f6tilastoja ja muita verkkosivustolla tapahtuvia toimia. Ev\u00e4steet ovat t\u00e4rkeit\u00e4 tehdess\u00e4\u00e4n verkkopalvelusta helpompaa ja k\u00e4tev\u00e4mp\u00e4\u00e4 ja mahdollistavat parempien palvelujen tarjoamisen. Ev\u00e4steet eiv\u00e4t ole vaarallisia eiv\u00e4tk\u00e4 vahingoita tietokonettasi tai tiedostoja.<\/p>\n\n\n\n<p>Emme voi k\u00e4ytt\u00e4\u00e4 tai hallita kolmansien osapuolten verkkosivustollemme asettamia ev\u00e4steit\u00e4 \u2013 n\u00e4iden ev\u00e4steiden k\u00e4ytt\u00f6 kuuluu asentajien tietosuojak\u00e4yt\u00e4nn\u00f6n piiriin. Suosittelemme, ett\u00e4 tutustut kaikkien kolmansien osapuolten tietosuojak\u00e4yt\u00e4nt\u00f6ihin.<\/p>\n\n\n\n<p>T\u00e4ll\u00e4 verkkosivustolla k\u00e4yt\u00e4mme seuraavia ev\u00e4steit\u00e4, jotka tallentavat k\u00e4ytt\u00e4j\u00e4tietoja:<\/p>\n\n\n\n<ul class=\"wp-block-list\">\n<li>K\u00e4ytt\u00e4j\u00e4n kieliasetukset<\/li>\n<\/ul>\n\n\n\n<ul class=\"wp-block-list\">\n<li>K\u00e4ytt\u00e4j\u00e4n tietosuoja- ja k\u00e4ytt\u00f6ehtojen suostumustila<\/li>\n<\/ul>\n\n\n\n<ul class=\"wp-block-list\">\n<li>Google Analytics -j\u00e4rjestelm\u00e4\u00e4n liittyv\u00e4t ev\u00e4steet<\/li>\n<\/ul>\n\n\n\n<ul class=\"wp-block-list\">\n<li>Facebook Live Chat For WordPress -moduuliin liittyv\u00e4t ev\u00e4steet<\/li>\n<\/ul>\n\n\n\n<ul class=\"wp-block-list\">\n<li>Kolmansien osapuolten (esim. Youtube) liitt\u00e4m\u00e4t sis\u00e4lt\u00f6ev\u00e4steet<\/li>\n<\/ul>\n\n\n\n<p>Jotta voit k\u00e4ytt\u00e4\u00e4 kaikkia verkkosivuston ominaisuuksia, sinun on hyv\u00e4ksytt\u00e4v\u00e4 ev\u00e4steiden k\u00e4ytt\u00f6.<br>Sinulla on oikeus kielt\u00e4yty\u00e4 tallentamasta ev\u00e4steit\u00e4 laitteellesi, mink\u00e4 voit tehd\u00e4 selaimesi asetuksista. Ev\u00e4steit\u00e4 est\u00e4ess\u00e4si sinun on otettava huomioon, ett\u00e4 osa verkkosivuston toiminnoista ei ehk\u00e4 ole k\u00e4ytett\u00e4viss\u00e4, emmek\u00e4 voi taata verkkosivuston aiottua toimintaa.<\/p>\n\n\n\n<p>Voit muuttaa ev\u00e4steasetuksiasi <a data-href=\"#moove_gdpr_cookie_modal\"><u>t\u00e4\u00e4ll\u00e4<\/u><\/a>. Et voi kielt\u00e4\u00e4 ehdottoman v\u00e4ltt\u00e4m\u00e4tt\u00f6mi\u00e4 ev\u00e4steit\u00e4 sivun perustoimintojen j\u00e4rjestyksess\u00e4.<\/p>\n\n\n\n<p>Emme k\u00e4yt\u00e4 tietojasi mill\u00e4\u00e4n muulla kuin t\u00e4ss\u00e4 asiakirjassa m\u00e4\u00e4ritellyll\u00e4 tavalla. Jos ehdot ja palvelut muuttuvat, ilmoitamme sinulle ja pyyd\u00e4mme uudelleen suostumustasi.<\/p>\n\n\n\n<p>Jos olet hyv\u00e4ksynyt tietosuojaselosteemme ehdot, mutta haluat peruuttaa suostumuksen, l\u00e4het\u00e4 meille s\u00e4hk\u00f6postia osoitteeseen e&#45;&#112;&#111;&#111;&#100;&#64;&#112;&#97;rl&#105;pes&#97;&#46;&#101;e.<\/p>\n\n\n\n<p><em>Viimeiset muutokset 04.10.2018<\/em><\/p>\n","protected":false},"excerpt":{"rendered":"<p>1.&nbsp;Ostosehdot 1.1 Lis\u00e4ksi nykyisille ehdoille s\u00e4\u00e4t\u00e4v\u00e4t P\u00c4RLIPESA O\u00dc\u2019n kautta tehtyjen ostoksien oikeussuhteita Eestin Tasavallassa p\u00e4tev\u00e4t s\u00e4\u00e4d\u00f6kset. Tuotevalikoima ja hinnat muuttuvat ilmoittamatta. 1.2 Ostamiseen saatavissa olevien tuotteiden m\u00e4\u00e4r\u00e4 on tuotu ajanviiveell\u00e4 ja ne saattavat eristy\u00e4 todellisesta varastotilanteesta. 1.3 Ostos- ja myyntisopimus lasketaan voimassaolevaksi siit\u00e4 hetkest\u00e4, kun sovittu etumaksusumma on vastaanotettu P\u00c4RLIPESU O\u00dc\u2019n tilille tai toimistolla sijaitsevaan&#8230;  <a class=\"excerpt-read-more\" href=\"https:\/\/parlipesa.ee\/fi\/ostutingimused\/\" title=\"Read Ostosehdot eli k\u00e4ytt\u00f6sopimus\">Read more &raquo;<\/a><\/p>\n","protected":false},"author":1,"featured_media":0,"parent":0,"menu_order":0,"comment_status":"closed","ping_status":"closed","template":"","meta":{"footnotes":""},"class_list":["post-194","page","type-page","status-publish","hentry"],"_links":{"self":[{"href":"https:\/\/parlipesa.ee\/fi\/wp-json\/wp\/v2\/pages\/194","targetHints":{"allow":["GET"]}}],"collection":[{"href":"https:\/\/parlipesa.ee\/fi\/wp-json\/wp\/v2\/pages"}],"about":[{"href":"https:\/\/parlipesa.ee\/fi\/wp-json\/wp\/v2\/types\/page"}],"author":[{"embeddable":true,"href":"https:\/\/parlipesa.ee\/fi\/wp-json\/wp\/v2\/users\/1"}],"replies":[{"embeddable":true,"href":"https:\/\/parlipesa.ee\/fi\/wp-json\/wp\/v2\/comments?post=194"}],"version-history":[{"count":9,"href":"https:\/\/parlipesa.ee\/fi\/wp-json\/wp\/v2\/pages\/194\/revisions"}],"predecessor-version":[{"id":66669,"href":"https:\/\/parlipesa.ee\/fi\/wp-json\/wp\/v2\/pages\/194\/revisions\/66669"}],"wp:attachment":[{"href":"https:\/\/parlipesa.ee\/fi\/wp-json\/wp\/v2\/media?parent=194"}],"curies":[{"name":"wp","href":"https:\/\/api.w.org\/{rel}","templated":true}]}}