{"id":1367,"date":"2021-03-16T13:30:42","date_gmt":"2021-03-16T13:30:42","guid":{"rendered":"https:\/\/demo.logic.ee\/parlipesa-ecommerce\/privacy-policy\/"},"modified":"2021-03-16T13:30:42","modified_gmt":"2021-03-16T13:30:42","slug":"privacy-policy","status":"publish","type":"page","link":"https:\/\/parlipesa.ee\/fi\/privacy-policy\/","title":{"rendered":"Privaatsuspoliitika"},"content":{"rendered":"\n<p>Andmete t\u00f6\u00f6tlemise p\u00f5him\u00f5tted<\/p>\n\n\n\n<p>Teie isikuandmete vastutustundlik kaitsmine on meie jaoks oluline. Isikuandmete t\u00f6\u00f6tlemise poliitikas kirjeldatakse, milliseid andmeid ja millisel eesm\u00e4rgil kogutakse. Andmeid t\u00f6\u00f6deldakse koosk\u00f5las kehtivate seadustega ning isikuandmete t\u00f6\u00f6tlemisel l\u00e4htume alati Teie huvidest, \u00f5igustest ja vabadustest. Isikuandmete t\u00f6\u00f6tlemine toimub viisil, mis tagab isikuandmete asjakohase turvalisuse, sealhulgas kaitseb loata v\u00f5i ebaseadusliku t\u00f6\u00f6tlemise eest ning juhusliku kaotamise, h\u00e4vitamise v\u00f5i kahjustumise eest, kasutades m\u00f5istlikke tehnilisi v\u00f5i korralduslikke meetmeid. Kliendi isikuandmete vastutav t\u00f6\u00f6tleja on P\u00c4RLIPESA O\u00dc, registrikoodiga 11390694, aadressiga<strong> <\/strong>Narva mnt. 13, Tallinn 10151.<\/p>\n\n\n\n<h3 class=\"wp-block-heading\">Isikuandmete t\u00f6\u00f6tlemise eesm\u00e4rgid<\/h3>\n\n\n\n<p>Isikuandmete t\u00f6\u00f6tlemise eesm\u00e4rgiks on veebilehe poolt kogutavate isikuandmete anal\u00fc\u00fcsimine ning l\u00e4bi selle ettev\u00f5tte poolt pakutavate teenuste kasutamise lihtsustamine. Lisaks aitab andmete kogumine pakkuda kasutajatele huvipakkuvat veebilehe sisu.<\/p>\n\n\n\n<h3 class=\"wp-block-heading\">Isikuandmete jagamine ja edastamine<\/h3>\n\n\n\n<p>Teie isikuandmeid ei jagata kolmandatele isikutele, v.a:<\/p>\n\n\n\n<ul class=\"wp-block-list\"><li>veebikeskkonna arendajale osas, milles see on vajalik selle t\u00f5rgeteta toimimise tagamiseks.<\/li><li>kolmandate osapooltega, kellega ettev\u00f5tte koost\u00f6\u00f6d teeb. Kui Teie isikuandmeid otsustatakse jagada ettev\u00f5tte partneritega, t\u00f6\u00f6deldakse neid andmeid vastavalt isikuandmete t\u00f6\u00f6tlemise juhistele ning \u00fcksnes nendel eesm\u00e4rkidel, mis on koosk\u00f5las ettev\u00f5tte andmekogumise eesm\u00e4rkidega.<\/li><li>juriidilistel p\u00f5hjustel riigiasutustele (nt politseile ja maksuametile).<\/li><\/ul>\n\n\n\n<p>Eelnimetatud juhtudel t\u00f6\u00f6tlevad partnerid saadud andmeid s\u00f5ltumatute isikuandmehalduritena l\u00e4htuvalt oma privaatsuspoliitikast ja juhistest.<\/p>\n\n\n\n<h3 class=\"wp-block-heading\">Isikuandmete talletamine<\/h3>\n\n\n\n<p>Andmete t\u00f6\u00f6tlemine on koosk\u00f5las juriidiliste n\u00f5uetega, s.t isikuandmeid ei s\u00e4ilitada kauem, kui t\u00f6\u00f6tlemiseks on vaja. See t\u00e4hendab, et andmed kustutatakse kohe, kui neid pole enam vaja otstarbeks, milleks neid koguti, vaja, v\u00f5i pole need enam asjakohased. Isikuandmete k\u00e4sitsemisel j\u00e4rgitakse alati k\u00f5rgel tasemel turvalisuse ja konfidentsiaalsuse n\u00f5udeid.<\/p>\n\n\n\n<p><strong>Veebilehe k\u00fclastaja \u00f5igused isikuandmete t\u00f6\u00f6tlemisel<\/strong><\/p>\n\n\n\n<p>Veebilehe k\u00fclastaja omab seoses oma isikuandmete kasutamisega seadusest tulenevaid \u00f5igusi:<\/p>\n\n\n\n<ul class=\"wp-block-list\"><li>\u00f5igus taotleda juurdep\u00e4\u00e4su enda kohta k\u00e4ivatele isikuandmetele;<\/li><li>\u00f5igus n\u00f5uda enda isikuandmete parandamist;<\/li><li>\u00f5igus n\u00f5uda enda isikuandmete kustutamist;<\/li><li>\u00f5igus piirata enda isikuandmete t\u00f6\u00f6tlemist;<\/li><li>\u00f5igus esitada vastuv\u00e4iteid enda isikuandmete t\u00f6\u00f6tlemisele;<\/li><li>\u00f5igus n\u00f5uda enda isikuandmete \u00fclekandmist;<\/li><li>\u00f5igus enda isikuandmete t\u00f6\u00f6tlemist n\u00f5usoleku tagasiv\u00f5tmisele;<\/li><li>\u00f5igus esitada vastuv\u00e4iteid enda isikuandmete t\u00f6\u00f6tlemisele otseturunduse eesm\u00e4rkidel (sh isikuandmete anal\u00fc\u00fcsi ehk n-\u00f6 profileerimist);<\/li><li>\u00f5igus loobuda uudiskirjadest\/personaalsetest pakkumistest.<\/li><\/ul>\n\n\n\n<h3 class=\"wp-block-heading\">Veebilehel kogutavad andmed<\/h3>\n\n\n\n<p>Seoses sellega, et veebilehel on kasutusel Google Analytics statistika liides, v\u00f5ib veebileht koguda j\u00e4rgnevaid isikuandmeid:<\/p>\n\n\n\n<ul class=\"wp-block-list\"><li>IP-aadress<\/li><li>Geograafiline asukoht<\/li><\/ul>\n\n\n\n<p>Lehele registreerumiseks on vajalik kasutajal sisestada j\u00e4rgnevad isikuandmed:<\/p>\n\n\n\n<ul class=\"wp-block-list\"><li>E-posti aadress<\/li><\/ul>\n\n\n\n<p>Teie kontaktandmeid ei kasutata \u00fchelgi muul otstarbel kui veebilehel Teie potensiaalsetele klientidele v\u00e4ljakuvamiseks ning neid ei jagata muude kolmandate osapooltega.<\/p>\n\n\n\n<h3 class=\"wp-block-heading\">Reklaam<\/h3>\n\n\n\n<p>Veebilehel kuvatavad reklaamid ei ole personaliseeritud ning Teie isikuandmeid ei kasutata mingil viisil Teile reklaami edastamiseks.<\/p>\n\n\n\n<h3 class=\"wp-block-heading\">K\u00fcpsiste kasutamise p\u00f5him\u00f5tted<\/h3>\n\n\n\n<p>Meie veebilehel viibides v\u00f5idakse koguda Teie kohta isikuandmeid, mille k\u00e4igus kogutud teave lehe kasutamise ja k\u00fclastatud lehtede kohta salvestatakse. Kogutav teave v\u00f5ib puudutada tehnilisi andmeid Teie seadme ja Interneti-\u00fchenduse kohta (nt kasutatav operatsioonis\u00fcsteem, brauseri versioon, IP-aadress, k\u00fcpsised ja kordumatud ID-d). K\u00fcpsised on v\u00e4iksemahulised tekstifailid, mis salvestatakse meie veebilehte k\u00fclastades brauseri poolt Teie arvutisse v\u00f5i seadmesse, eesm\u00e4rgiga Teie veebilehe kogemust parandada ja hinnata sisu kasutamise tavasid. K\u00fcpsised v\u00f5imaldavad j\u00e4lgida veebilehe kasutusstatistikat ning muid veebilehel tehtavaid toiminguid. K\u00fcpsised on olulised meie veebiteenuse lihtsamaks ja mugavamaks muutmisel ning teile parema teenuse pakkumiseks. K\u00fcpsised ei ole ohtlikud ja ei kahjusta arvutit ega faile.<\/p>\n\n\n\n<h3 class=\"wp-block-heading\">K\u00fcpsiste kasutamise eesm\u00e4rgid<\/h3>\n\n\n\n<p>Veebileht kasutab konkreetseid k\u00fcpsiseid eesm\u00e4rgiga anda Teile parim v\u00f5imalik kasutuskogemus ja tagada, et veebisait t\u00f6\u00f6taks efektiivselt. Me kasutame ainult neid k\u00fcpsiseid, mida peame vajalikuks ja kasulikuks. K\u00fcpsised aitavad:<\/p>\n\n\n\n<ul class=\"wp-block-list\"><li>m\u00e4letada Teie seadistusi ja eelistusi<\/li><li>parandada veebilehe kiirust ja turvalisust<\/li><li>lehte isikustada ja infot kiiremini leida<\/li><li>plaanida veebilehe parandusi ja arendusi<\/li><\/ul>\n\n\n\n<h3 class=\"wp-block-heading\">K\u00fcpsiste t\u00fc\u00fcbid ja liigitamine<\/h3>\n\n\n\n<p>Me kasutame nii esimese kui ka kolmanda osapoole k\u00fcpsiseid, mis samal ajal v\u00f5ivad olla ka seansi v\u00f5i p\u00fcsik\u00fcpsised.<\/p>\n\n\n\n<ul class=\"wp-block-list\"><li>Ajutised ehk sessioonik\u00fcpsised salvestatakse Teie arvutisse \u00fcksnes ajaks, mil Te konkreetset veebilehitsejat kasutate ning kustutatakse p\u00e4rast veebilehitseja sulgemist. Ajutisi k\u00fcpsiseid kasutatakse tavaliselt selleks, et pakkuda arvutikasutajale mugavamat veebilehitseja kasutamise v\u00f5imalust.<\/li><li>P\u00fcsik\u00fcpsised \u2013 salvestavad Teie eelistused v\u00f5i tegevused. V\u00f5imaldavad veebilehel meelde j\u00e4tta Kasutaja poolt tehtud varasemaid valikud (n\u00e4iteks kasutajanimi, keelevalik jne) ning seel\u00e4bi pakkuda t\u00f5husamaid ja isikup\u00e4rasemaid funktsioone.<\/li><\/ul>\n\n\n\n<p>Sessioonik\u00fcpsistega v\u00f5rreldes on neil pikem t\u00f6\u00f6iga ja need kehtivad igale konkreetsele k\u00fcpsisele etteantud t\u00e4htaja piires. P\u00fcsik\u00fcpsised ei kustu lehitseja sulgemisel ja salvestatakse Teie seadmes. Esimese osapoole k\u00fcpsised on k\u00fcpsised, mille paigaldame kodulehele meie ning mille abil on v\u00f5imalik salvestada teavet, mida taaskasutatakse j\u00e4rgmisel korral, kui Te veebilehte k\u00fclastate. Kolmanda osapoole k\u00fcpsised on k\u00fcpsised, mis on loodud kolmandate osapoolte poolt ning mida meie kasutame anal\u00fc\u00fctilisel eesm\u00e4rgil. Me kasutame saadud teavet veebilehe funktsionaalsuse raportite koostamiseks ning veebilehe t\u00f5husamaks muutmiseks. K\u00fcpsised liigituvad omakorda j\u00e4rgmiselt:<\/p>\n\n\n\n<ul class=\"wp-block-list\"><li>Rangelt vajalikud k\u00fcpsised \u2013 need v\u00f5imaldavad kasutada veebilehe funktsioone ja m\u00e4letada vormidesse sisestatud teavet ka siis, kui kasutaja liigub sessiooni ajal muudel alalehtedel. Ilma rangelt vajalike k\u00fcpsisteta pole kindla veebilehe teenused v\u00f5imalikud. Rangelt vajalikud k\u00fcpsised ei kogu turunduslikul eesm\u00e4rgil teavet ega j\u00e4ta meelde, milliseid lehti internetis vaadatakse.<\/li><li>J\u00f5udlusk\u00fcpsised \u2013 koguvad teavet veebilehe kasutuse kohta ja nende abil saab parandada veebilehe t\u00f6\u00f6tamisviisi. J\u00f5udlusk\u00fcpsised n\u00e4itavad, milliseid lehti k\u00fclastati k\u00f5ige sagedamini, millised olid veebilehe k\u00fclastamisel tekkinud raskused ning, kas veebilehe reklaam toimib v\u00f5i mitte. J\u00f5udlusk\u00fcpsised ei kogu teavet isiku kohta ja kogutud teave on anon\u00fc\u00fcmne.<\/li><li>Funktsionaalsusk\u00fcpsised \u2013 need k\u00fcpsised m\u00e4letavad Teie valikuid ning pakuvad t\u00e4iustatud ja isiklikumaid funktsioone. Lisaks m\u00e4letavad nad tehtud muudatusi, aga ei salvesta tegevusi kolmandatel veebilehtedel.<\/li><li>Sihip\u00e4rased k\u00fcpsised\/reklaamk\u00fcpsised \u2013 neid kasutatakse selleks, et edastada Teie huvidega sobivaid reklaame ja piirata reklaami n\u00e4gemise kordade arvu. Reklaamk\u00fcpsised koguvad andmeid Kasutaja sirvimisharjumuste kohta, mis omakorda v\u00f5imaldab veebilehel esitada Kasutaja eelistustega koosk\u00f5las olevat reklaamisisu. Lisaks v\u00f5imaldab vastav k\u00fcpsiseliik m\u00f5\u00f5ta reklaamikampaania t\u00f5husust.<\/li><\/ul>\n\n\n\n<h3 class=\"wp-block-heading\">Kolmandate osapoolte funktsioonid<\/h3>\n\n\n\n<p>N\u00e4iteks Google v\u00f5ib kasutada oma k\u00fcpsiseid v\u00f5i muid meetodeid, et koguda teavet meie veebilehe sisu kohta, mida olete k\u00fclastanud. Nad kasutavad sedalaadi teavet selleks, et pakkuda kasutusstatistika anal\u00fc\u00fcse ja reklaame Teid huvitavatel teemadel. Me ei p\u00e4\u00e4se ligi ega kontrolli neid k\u00fcpsiseid, mille on meie lehele paigaldanud kolmandad pooled \u2014 nende k\u00fcpsiste kasutamine kuulub paigaldajate privaatsuspoliitika alla. Selleks soovitame Teil eraldi tutvuda k\u00f5igi kolmandate poolte privaatsuspoliitikaga.<\/p>\n\n\n\n<h3 class=\"wp-block-heading\">Veebilehel kasutatavad k\u00fcpsised<\/h3>\n\n\n\n<p>Veebilehel kasutame j\u00e4rgnevaid kasutaja andmeid sisaldavaid k\u00fcpsiseid:<\/p>\n\n\n\n<ul class=\"wp-block-list\"><li>Kasutaja privaatsus- ja kasutustingimustega n\u00f5usoleku staatus<\/li><li>Google Analytics s\u00fcsteemiga seonduvad k\u00fcpsised<\/li><li>Kolmandate osapoolte manusena lisatud sisu k\u00fcpsised (nt Google Maps, Youtube embeds)<\/li><\/ul>\n\n\n\n<h3 class=\"wp-block-heading\">K\u00fcpsiste haldamine ja kustutamine<\/h3>\n\n\n\n<p>Kui soovite kasutada meie veebilehe k\u00f5iki v\u00f5imalusi, peate k\u00fcpsiste kasutamiseks loa andma. Vastasel juhul on Teil \u00f5igus keelduda k\u00fcpsiste salvestamisest arvutisse, mida saate teha enda veebilehitseja seadetest. K\u00fcpsiste blokeerimisel peate arvestama, et k\u00f5ik veebilehe funktsioonid ei pruugi p\u00e4rast k\u00fcpsiste blokeerimist enam k\u00e4ttesaadavad olla ning me ei saa garanteerida veebilehe korrektset k\u00e4itumist. Me ei kasuta Teie andmeid mingil muul kui k\u00e4esolevas dokumendis nimetatud otstarbel. Tingimuste muutumisel anname Teile sellest teada ning k\u00fcsime Teie k\u00e4est uuesti n\u00f5usolekut. Juhul, kui olete meie veebilehe kasutustingimustega n\u00f5ustunud, kuid soovite oma n\u00f5usoleku tagasi v\u00f5tta, palun v\u00f5tke meiega \u00fchendust\u00a0<a href=\"mailto:e-&#112;o&#111;&#100;&#64;&#112;&#97;r&#108;&#105;pes&#97;.&#101;&#101;\">&#101;-&#112;o&#111;d&#64;p&#97;&#114;&#108;&#105;p&#101;&#115;a&#46;ee<\/a>\u00a0ning edastage meile tunnus, mille abil saame teid tuvastada. <br>Teie unikaalne ID \u2013 [gdpr-id]<\/p>\n\n\n\n<p class=\"has-theme-gray-light-color has-text-color\">P\u00e4rlipesa j\u00e4tab endale \u00f5iguse privaatsuspoliitikat ajas t\u00e4iendada ja muuta.<br><span class=\"has-inline-color has-cyan-bluish-gray-color\">Viimati muudetud: 12.02.2021<\/span><\/p>\n","protected":false},"excerpt":{"rendered":"<p>Andmete t\u00f6\u00f6tlemise p\u00f5him\u00f5tted Teie isikuandmete vastutustundlik kaitsmine on meie jaoks oluline. Isikuandmete t\u00f6\u00f6tlemise poliitikas kirjeldatakse, milliseid andmeid ja millisel eesm\u00e4rgil kogutakse. Andmeid t\u00f6\u00f6deldakse koosk\u00f5las kehtivate seadustega ning isikuandmete t\u00f6\u00f6tlemisel l\u00e4htume alati Teie huvidest, \u00f5igustest ja vabadustest. Isikuandmete t\u00f6\u00f6tlemine toimub viisil, mis tagab isikuandmete asjakohase turvalisuse, sealhulgas kaitseb loata v\u00f5i ebaseadusliku t\u00f6\u00f6tlemise eest ning juhusliku kaotamise,&#8230;  <a class=\"excerpt-read-more\" href=\"https:\/\/parlipesa.ee\/fi\/privacy-policy\/\" title=\"Read Privaatsuspoliitika\">Read more &raquo;<\/a><\/p>\n","protected":false},"author":1,"featured_media":0,"parent":0,"menu_order":0,"comment_status":"closed","ping_status":"open","template":"","meta":{"footnotes":""},"class_list":["post-1367","page","type-page","status-publish","hentry"],"_links":{"self":[{"href":"https:\/\/parlipesa.ee\/fi\/wp-json\/wp\/v2\/pages\/1367","targetHints":{"allow":["GET"]}}],"collection":[{"href":"https:\/\/parlipesa.ee\/fi\/wp-json\/wp\/v2\/pages"}],"about":[{"href":"https:\/\/parlipesa.ee\/fi\/wp-json\/wp\/v2\/types\/page"}],"author":[{"embeddable":true,"href":"https:\/\/parlipesa.ee\/fi\/wp-json\/wp\/v2\/users\/1"}],"replies":[{"embeddable":true,"href":"https:\/\/parlipesa.ee\/fi\/wp-json\/wp\/v2\/comments?post=1367"}],"version-history":[{"count":0,"href":"https:\/\/parlipesa.ee\/fi\/wp-json\/wp\/v2\/pages\/1367\/revisions"}],"wp:attachment":[{"href":"https:\/\/parlipesa.ee\/fi\/wp-json\/wp\/v2\/media?parent=1367"}],"curies":[{"name":"wp","href":"https:\/\/api.w.org\/{rel}","templated":true}]}}