{"id":72643,"date":"2026-02-08T16:37:38","date_gmt":"2026-02-08T14:37:38","guid":{"rendered":"https:\/\/parlipesa.ee\/pood\/maaratlemata\/925-hobe-baaskorvarongad-tsirkoonidega-rose-gold-3\/"},"modified":"2026-04-17T12:35:49","modified_gmt":"2026-04-17T09:35:49","slug":"925-hobe-baaskorvarongad-tsirkoonidega-rose-gold-3","status":"publish","type":"product","link":"https:\/\/parlipesa.ee\/en\/pood\/hobeehted\/925korvarongad\/925-hobe-baaskorvarongad-tsirkoonidega-rose-gold-3\/","title":{"rendered":"925 H\u00f5be Baask\u00f5rvar\u00f5ngad Tsirkoonidega (Rose Gold)"},"content":{"rendered":"<div class=\"metal-specs-wrapper\">\n<div id=\"element\" class=\"mage-accordion-disabled\" role=\"tablist\">\n<div class=\"specs-wrapper metal\" role=\"tabpanel\" data-role=\"content\" aria-hidden=\"false\">\n<div class=\"attribute lisainfo\">MATERJAL \u2013\u00a0<span class=\"value\">925 h\u00f5be, 18K ros\u00e9 kullaga kullatud<\/span><\/div>\n<div class=\"attribute lisainfo\">KAAL \u2013 1.26g<\/div>\n<div class=\"attribute varv\">V\u00c4RV \u2013\u00a0<span class=\"value\">Crystal<\/span><\/div>\n<div class=\"attribute moodud\">KIVI T\u00dc\u00dcP \u2013\u00a0<span class=\"value\">Tsirkoon<\/span><\/div>\n<\/div>\n<\/div>\n<\/div>\n<div class=\"discount-container\">\n<div id=\"payment-request-button\" class=\"payment-request-button StripeElement\">\n<div class=\"attribute diameter\">DIAMEETER \u2013\u00a012mm<br \/>\nPAKSUS \u2013 3mm<\/div>\n<\/div>\n<\/div>\n","protected":false},"excerpt":{"rendered":"<p>MATERJAL \u2013\u00a0925 h\u00f5be, 18K ros\u00e9 kullaga kullatud KAAL \u2013 1.26g V\u00c4RV \u2013\u00a0Crystal KIVI T\u00dc\u00dcP \u2013\u00a0Tsirkoon DIAMEETER \u2013\u00a012mm PAKSUS \u2013 3mm<\/p>\n","protected":false},"featured_media":72691,"template":"","meta":[],"product_brand":[],"product_cat":[520,1108,1109],"product_tag":[],"class_list":{"0":"post-72643","1":"product","2":"type-product","3":"status-publish","4":"has-post-thumbnail","6":"product_cat-uued-tooted","7":"product_cat-hobeehted","8":"product_cat-925korvarongad","10":"first","11":"instock","12":"taxable","13":"shipping-taxable","14":"purchasable","15":"product-type-simple"},"_links":{"self":[{"href":"https:\/\/parlipesa.ee\/en\/wp-json\/wp\/v2\/product\/72643","targetHints":{"allow":["GET"]}}],"collection":[{"href":"https:\/\/parlipesa.ee\/en\/wp-json\/wp\/v2\/product"}],"about":[{"href":"https:\/\/parlipesa.ee\/en\/wp-json\/wp\/v2\/types\/product"}],"wp:featuredmedia":[{"embeddable":true,"href":"https:\/\/parlipesa.ee\/en\/wp-json\/wp\/v2\/media\/72691"}],"wp:attachment":[{"href":"https:\/\/parlipesa.ee\/en\/wp-json\/wp\/v2\/media?parent=72643"}],"wp:term":[{"taxonomy":"product_brand","embeddable":true,"href":"https:\/\/parlipesa.ee\/en\/wp-json\/wp\/v2\/product_brand?post=72643"},{"taxonomy":"product_cat","embeddable":true,"href":"https:\/\/parlipesa.ee\/en\/wp-json\/wp\/v2\/product_cat?post=72643"},{"taxonomy":"product_tag","embeddable":true,"href":"https:\/\/parlipesa.ee\/en\/wp-json\/wp\/v2\/product_tag?post=72643"}],"curies":[{"name":"wp","href":"https:\/\/api.w.org\/{rel}","templated":true}]}}