{"id":72615,"date":"2026-02-08T16:37:32","date_gmt":"2026-02-08T14:37:32","guid":{"rendered":"https:\/\/parlipesa.ee\/pood\/maaratlemata\/925-hobe-stud-korvarongad-roosa-kvarts-suda-rose-gold\/"},"modified":"2026-04-17T16:26:41","modified_gmt":"2026-04-17T13:26:41","slug":"925-hobe-stud-korvarongad-roosa-kvarts-suda-rose-gold","status":"publish","type":"product","link":"https:\/\/parlipesa.ee\/en\/pood\/hobeehted\/925korvarongad\/925-hobe-stud-korvarongad-roosa-kvarts-suda-rose-gold\/","title":{"rendered":"925 H\u00f5be Stud K\u00f5rvar\u00f5ngad Roosa Kvarts S\u00fcda (Rose Gold)"},"content":{"rendered":"<div class=\"metal-specs-wrapper\">\n<div id=\"element\" class=\"mage-accordion-disabled\" role=\"tablist\">\n<div class=\"specs-wrapper metal\" role=\"tabpanel\" data-role=\"content\" aria-hidden=\"false\">\n<div class=\"attribute lisainfo\">MATERJAL \u2013\u00a0<span class=\"value\">925 h\u00f5be, 18K ros\u00e9 kullaga kullatud<\/span><\/div>\n<div class=\"attribute lisainfo\">KAAL \u2013 1,47g<\/div>\n<div class=\"attribute varv\">V\u00c4RV \u2013\u00a0<span class=\"value\">Rose<\/span><\/div>\n<div class=\"attribute moodud\">KIVI T\u00dc\u00dcP \u2013\u00a0<span class=\"value\">Poolv\u00e4\u00e4riskivi<\/span><\/div>\n<\/div>\n<\/div>\n<\/div>\n<div class=\"discount-container\">\n<div id=\"payment-request-button\" class=\"payment-request-button StripeElement\">\n<div class=\"attribute diameter\">PIKKUS\u2013 14mm (koos n\u00f5elaga)<br \/>\nKIVI L\u00c4BIM\u00d5\u00d5T \u2013 6mm<\/div>\n<\/div>\n<\/div>\n","protected":false},"excerpt":{"rendered":"<p>MATERJAL \u2013\u00a0925 h\u00f5be, 18K ros\u00e9 kullaga kullatud KAAL \u2013 1,47g V\u00c4RV \u2013\u00a0Rose KIVI T\u00dc\u00dcP \u2013\u00a0Poolv\u00e4\u00e4riskivi PIKKUS\u2013 14mm (koos n\u00f5elaga) KIVI L\u00c4BIM\u00d5\u00d5T \u2013 6mm<\/p>\n","protected":false},"featured_media":72717,"template":"","meta":[],"product_brand":[],"product_cat":[520,1108,1109],"product_tag":[],"class_list":{"0":"post-72615","1":"product","2":"type-product","3":"status-publish","4":"has-post-thumbnail","6":"product_cat-uued-tooted","7":"product_cat-hobeehted","8":"product_cat-925korvarongad","10":"first","11":"instock","12":"taxable","13":"shipping-taxable","14":"purchasable","15":"product-type-simple"},"_links":{"self":[{"href":"https:\/\/parlipesa.ee\/en\/wp-json\/wp\/v2\/product\/72615","targetHints":{"allow":["GET"]}}],"collection":[{"href":"https:\/\/parlipesa.ee\/en\/wp-json\/wp\/v2\/product"}],"about":[{"href":"https:\/\/parlipesa.ee\/en\/wp-json\/wp\/v2\/types\/product"}],"wp:featuredmedia":[{"embeddable":true,"href":"https:\/\/parlipesa.ee\/en\/wp-json\/wp\/v2\/media\/72717"}],"wp:attachment":[{"href":"https:\/\/parlipesa.ee\/en\/wp-json\/wp\/v2\/media?parent=72615"}],"wp:term":[{"taxonomy":"product_brand","embeddable":true,"href":"https:\/\/parlipesa.ee\/en\/wp-json\/wp\/v2\/product_brand?post=72615"},{"taxonomy":"product_cat","embeddable":true,"href":"https:\/\/parlipesa.ee\/en\/wp-json\/wp\/v2\/product_cat?post=72615"},{"taxonomy":"product_tag","embeddable":true,"href":"https:\/\/parlipesa.ee\/en\/wp-json\/wp\/v2\/product_tag?post=72615"}],"curies":[{"name":"wp","href":"https:\/\/api.w.org\/{rel}","templated":true}]}}