{"id":72589,"date":"2026-02-08T16:37:25","date_gmt":"2026-02-08T14:37:25","guid":{"rendered":"https:\/\/parlipesa.ee\/pood\/maaratlemata\/925-hobe-baaskorvarongad-gold\/"},"modified":"2026-04-17T16:26:38","modified_gmt":"2026-04-17T13:26:38","slug":"925-hobe-baaskorvarongad-gold","status":"publish","type":"product","link":"https:\/\/parlipesa.ee\/en\/pood\/hobeehted\/925korvarongad\/925-hobe-baaskorvarongad-gold\/","title":{"rendered":"925 H\u00f5be Baask\u00f5rvar\u00f5ngad (Gold)"},"content":{"rendered":"<p>MATERJAL \u2013 925 h\u00f5be, kullatud<br \/>\nKAAL \u2013 1.26g<br \/>\nDIAMEETER \u2013\u00a014mm<br \/>\nPAKSUS \u2013 3mm<\/p>\n","protected":false},"excerpt":{"rendered":"<p>MATERJAL \u2013 925 h\u00f5be, kullatud KAAL \u2013 1.26g DIAMEETER \u2013\u00a014mm PAKSUS \u2013 3mm<\/p>\n","protected":false},"featured_media":72853,"template":"","meta":[],"product_brand":[],"product_cat":[520,1108,1109],"product_tag":[],"class_list":{"0":"post-72589","1":"product","2":"type-product","3":"status-publish","4":"has-post-thumbnail","6":"product_cat-uued-tooted","7":"product_cat-hobeehted","8":"product_cat-925korvarongad","10":"first","11":"instock","12":"taxable","13":"shipping-taxable","14":"purchasable","15":"product-type-simple"},"_links":{"self":[{"href":"https:\/\/parlipesa.ee\/en\/wp-json\/wp\/v2\/product\/72589","targetHints":{"allow":["GET"]}}],"collection":[{"href":"https:\/\/parlipesa.ee\/en\/wp-json\/wp\/v2\/product"}],"about":[{"href":"https:\/\/parlipesa.ee\/en\/wp-json\/wp\/v2\/types\/product"}],"wp:featuredmedia":[{"embeddable":true,"href":"https:\/\/parlipesa.ee\/en\/wp-json\/wp\/v2\/media\/72853"}],"wp:attachment":[{"href":"https:\/\/parlipesa.ee\/en\/wp-json\/wp\/v2\/media?parent=72589"}],"wp:term":[{"taxonomy":"product_brand","embeddable":true,"href":"https:\/\/parlipesa.ee\/en\/wp-json\/wp\/v2\/product_brand?post=72589"},{"taxonomy":"product_cat","embeddable":true,"href":"https:\/\/parlipesa.ee\/en\/wp-json\/wp\/v2\/product_cat?post=72589"},{"taxonomy":"product_tag","embeddable":true,"href":"https:\/\/parlipesa.ee\/en\/wp-json\/wp\/v2\/product_tag?post=72589"}],"curies":[{"name":"wp","href":"https:\/\/api.w.org\/{rel}","templated":true}]}}