{"id":72493,"date":"2026-02-08T16:36:48","date_gmt":"2026-02-08T14:36:48","guid":{"rendered":"https:\/\/parlipesa.ee\/pood\/maaratlemata\/kaevoru-jaspis-red-8mm-s\/"},"modified":"2026-04-09T14:25:04","modified_gmt":"2026-04-09T11:25:04","slug":"kaevoru-jaspis-red-8mm-s","status":"publish","type":"product","link":"https:\/\/parlipesa.ee\/en\/pood\/parlipesa-ehted\/pp_kaevorud\/kaevoru-jaspis-red-8mm-s\/","title":{"rendered":"K\u00e4ev\u00f5ru Jaspis &#8220;Red&#8221; 8mm"},"content":{"rendered":"","protected":false},"excerpt":{"rendered":"<p>Kivi: 8mm;<\/p>\n<p>Suurus, ca: S- 18cm (k\u00e4ele \u00fcmberm\u00f5\u00f5duga 16cm), M- 19cm (k\u00e4ele \u00fcmberm\u00f5\u00f5duga 17cm), L \u2013 ca 20cm (k\u00e4ele \u00fcmberm\u00f5\u00f5duga 18cm);<\/p>\n<p>K\u00e4ev\u00f5ruga on kaasas organza kinkekott!<\/p>\n<p>Soovitud suurus kirjuta tellimuse kommentaari<\/p>\n","protected":false},"featured_media":73101,"template":"","meta":[],"product_brand":[],"product_cat":[520,530],"product_tag":[],"class_list":{"0":"post-72493","1":"product","2":"type-product","3":"status-publish","4":"has-post-thumbnail","6":"product_cat-uued-tooted","7":"product_cat-pp_kaevorud","9":"first","10":"instock","11":"taxable","12":"shipping-taxable","13":"purchasable","14":"product-type-simple"},"_links":{"self":[{"href":"https:\/\/parlipesa.ee\/en\/wp-json\/wp\/v2\/product\/72493","targetHints":{"allow":["GET"]}}],"collection":[{"href":"https:\/\/parlipesa.ee\/en\/wp-json\/wp\/v2\/product"}],"about":[{"href":"https:\/\/parlipesa.ee\/en\/wp-json\/wp\/v2\/types\/product"}],"wp:featuredmedia":[{"embeddable":true,"href":"https:\/\/parlipesa.ee\/en\/wp-json\/wp\/v2\/media\/73101"}],"wp:attachment":[{"href":"https:\/\/parlipesa.ee\/en\/wp-json\/wp\/v2\/media?parent=72493"}],"wp:term":[{"taxonomy":"product_brand","embeddable":true,"href":"https:\/\/parlipesa.ee\/en\/wp-json\/wp\/v2\/product_brand?post=72493"},{"taxonomy":"product_cat","embeddable":true,"href":"https:\/\/parlipesa.ee\/en\/wp-json\/wp\/v2\/product_cat?post=72493"},{"taxonomy":"product_tag","embeddable":true,"href":"https:\/\/parlipesa.ee\/en\/wp-json\/wp\/v2\/product_tag?post=72493"}],"curies":[{"name":"wp","href":"https:\/\/api.w.org\/{rel}","templated":true}]}}