{"id":65040,"date":"2024-04-29T22:25:45","date_gmt":"2024-04-29T19:25:45","guid":{"rendered":"https:\/\/parlipesa.ee\/pood\/maaratlemata\/925-hobe-korvarongad-rose-gold-7\/"},"modified":"2026-04-21T16:02:45","modified_gmt":"2026-04-21T13:02:45","slug":"925-hobe-korvarongad-rose-gold-7","status":"publish","type":"product","link":"https:\/\/parlipesa.ee\/en\/pood\/marmara\/korvarongad\/925-hobe-korvarongad-rose-gold-7\/","title":{"rendered":"925 H\u00f5be k\u00f5rvar\u00f5ngad, rose gold"},"content":{"rendered":"","protected":false},"excerpt":{"rendered":"<p>MATERJAL &#8211; 925 h\u00f5be, 18K ros\u00e9 kullaga kullatud<br \/>\nKAAL &#8211; 4.07g<br \/>\nKIVI T\u00dc\u00dcP &#8211; Tsirkoon<\/p>\n","protected":false},"featured_media":65092,"template":"","meta":[],"product_brand":[],"product_cat":[521,524],"product_tag":[],"class_list":{"0":"post-65040","1":"product","2":"type-product","3":"status-publish","4":"has-post-thumbnail","6":"product_cat-marmara","7":"product_cat-korvarongad","9":"first","10":"instock","11":"taxable","12":"shipping-taxable","13":"purchasable","14":"product-type-simple"},"_links":{"self":[{"href":"https:\/\/parlipesa.ee\/en\/wp-json\/wp\/v2\/product\/65040","targetHints":{"allow":["GET"]}}],"collection":[{"href":"https:\/\/parlipesa.ee\/en\/wp-json\/wp\/v2\/product"}],"about":[{"href":"https:\/\/parlipesa.ee\/en\/wp-json\/wp\/v2\/types\/product"}],"wp:featuredmedia":[{"embeddable":true,"href":"https:\/\/parlipesa.ee\/en\/wp-json\/wp\/v2\/media\/65092"}],"wp:attachment":[{"href":"https:\/\/parlipesa.ee\/en\/wp-json\/wp\/v2\/media?parent=65040"}],"wp:term":[{"taxonomy":"product_brand","embeddable":true,"href":"https:\/\/parlipesa.ee\/en\/wp-json\/wp\/v2\/product_brand?post=65040"},{"taxonomy":"product_cat","embeddable":true,"href":"https:\/\/parlipesa.ee\/en\/wp-json\/wp\/v2\/product_cat?post=65040"},{"taxonomy":"product_tag","embeddable":true,"href":"https:\/\/parlipesa.ee\/en\/wp-json\/wp\/v2\/product_tag?post=65040"}],"curies":[{"name":"wp","href":"https:\/\/api.w.org\/{rel}","templated":true}]}}