{"id":64075,"date":"2024-01-31T18:21:44","date_gmt":"2024-01-31T16:21:44","guid":{"rendered":"https:\/\/parlipesa.ee\/pood\/maaratlemata\/ripats-bmpcz-oones-suda-14-5x13-5x2mm-18-kullatud\/"},"modified":"2026-05-13T22:02:41","modified_gmt":"2026-05-13T19:02:41","slug":"ripats-bmpcz-oones-suda-14-5x13-5x2mm-18-kullatud","status":"publish","type":"product","link":"https:\/\/parlipesa.ee\/en\/pood\/ehete-osad\/ripatsid-ehete-osad\/ripats-bmpcz-oones-suda-14-5x13-5x2mm-18-kullatud\/","title":{"rendered":"Ripats BMPCZ &#8220;\u00d5\u00f5nes S\u00fcda&#8221; 14.5&#215;13.5x2mm (18K Kullatud)"},"content":{"rendered":"<p>Auk: 3mm;<\/p>\n<p>Kogus: 1tk.<\/p>\n","protected":false},"excerpt":{"rendered":"<p>Auk: 3mm; Kogus: 1tk.<\/p>\n","protected":false},"featured_media":64110,"template":"","meta":[],"product_brand":[],"product_cat":[520,599],"product_tag":[],"class_list":{"0":"post-64075","1":"product","2":"type-product","3":"status-publish","4":"has-post-thumbnail","6":"product_cat-uued-tooted","7":"product_cat-ripatsid-ehete-osad","9":"first","10":"instock","11":"taxable","12":"shipping-taxable","13":"purchasable","14":"product-type-simple"},"_links":{"self":[{"href":"https:\/\/parlipesa.ee\/en\/wp-json\/wp\/v2\/product\/64075","targetHints":{"allow":["GET"]}}],"collection":[{"href":"https:\/\/parlipesa.ee\/en\/wp-json\/wp\/v2\/product"}],"about":[{"href":"https:\/\/parlipesa.ee\/en\/wp-json\/wp\/v2\/types\/product"}],"wp:featuredmedia":[{"embeddable":true,"href":"https:\/\/parlipesa.ee\/en\/wp-json\/wp\/v2\/media\/64110"}],"wp:attachment":[{"href":"https:\/\/parlipesa.ee\/en\/wp-json\/wp\/v2\/media?parent=64075"}],"wp:term":[{"taxonomy":"product_brand","embeddable":true,"href":"https:\/\/parlipesa.ee\/en\/wp-json\/wp\/v2\/product_brand?post=64075"},{"taxonomy":"product_cat","embeddable":true,"href":"https:\/\/parlipesa.ee\/en\/wp-json\/wp\/v2\/product_cat?post=64075"},{"taxonomy":"product_tag","embeddable":true,"href":"https:\/\/parlipesa.ee\/en\/wp-json\/wp\/v2\/product_tag?post=64075"}],"curies":[{"name":"wp","href":"https:\/\/api.w.org\/{rel}","templated":true}]}}