{"id":61591,"date":"2023-07-18T16:00:10","date_gmt":"2023-07-18T13:00:10","guid":{"rendered":"https:\/\/parlipesa.ee\/pood\/maaratlemata\/korvarongatoorikud-klopsuga-romb-15x11x9-5mm-auk-1-4mm-brassplatinum\/"},"modified":"2026-04-17T22:03:57","modified_gmt":"2026-04-17T19:03:57","slug":"korvarongatoorikud-klopsuga-romb-15x11x9-5mm-auk-1-4mm-brassplatinum","status":"publish","type":"product","link":"https:\/\/parlipesa.ee\/en\/pood\/ehete-osad\/korvarongatoorikud\/korvarongatoorikud-klopsuga-romb-15x11x9-5mm-auk-1-4mm-brassplatinum\/","title":{"rendered":"K\u00f5rvar\u00f5ngatoorikud Kl\u00f5psuga &#8220;Romb&#8221; 15x11x9.5mm (Brass;Platinum)"},"content":{"rendered":"<p>Auk: 1.4mm;<\/p>\n<p>Kogus: 2tk.<\/p>\n","protected":false},"excerpt":{"rendered":"<p>Auk: 1.4mm; Kogus: 2tk.<\/p>\n","protected":false},"featured_media":61819,"template":"","meta":[],"product_brand":[],"product_cat":[520,595],"product_tag":[],"class_list":{"0":"post-61591","1":"product","2":"type-product","3":"status-publish","4":"has-post-thumbnail","6":"product_cat-uued-tooted","7":"product_cat-korvarongatoorikud","9":"first","10":"instock","11":"taxable","12":"shipping-taxable","13":"purchasable","14":"product-type-simple"},"_links":{"self":[{"href":"https:\/\/parlipesa.ee\/en\/wp-json\/wp\/v2\/product\/61591","targetHints":{"allow":["GET"]}}],"collection":[{"href":"https:\/\/parlipesa.ee\/en\/wp-json\/wp\/v2\/product"}],"about":[{"href":"https:\/\/parlipesa.ee\/en\/wp-json\/wp\/v2\/types\/product"}],"wp:featuredmedia":[{"embeddable":true,"href":"https:\/\/parlipesa.ee\/en\/wp-json\/wp\/v2\/media\/61819"}],"wp:attachment":[{"href":"https:\/\/parlipesa.ee\/en\/wp-json\/wp\/v2\/media?parent=61591"}],"wp:term":[{"taxonomy":"product_brand","embeddable":true,"href":"https:\/\/parlipesa.ee\/en\/wp-json\/wp\/v2\/product_brand?post=61591"},{"taxonomy":"product_cat","embeddable":true,"href":"https:\/\/parlipesa.ee\/en\/wp-json\/wp\/v2\/product_cat?post=61591"},{"taxonomy":"product_tag","embeddable":true,"href":"https:\/\/parlipesa.ee\/en\/wp-json\/wp\/v2\/product_tag?post=61591"}],"curies":[{"name":"wp","href":"https:\/\/api.w.org\/{rel}","templated":true}]}}