{"id":61590,"date":"2023-07-18T16:00:09","date_gmt":"2023-07-18T13:00:09","guid":{"rendered":"https:\/\/parlipesa.ee\/pood\/maaratlemata\/korvarongatoorikud-klopsuga-romb-15x11x9-5mm-auk-1-4mm-brassgolden\/"},"modified":"2026-04-11T00:03:27","modified_gmt":"2026-04-10T21:03:27","slug":"korvarongatoorikud-klopsuga-romb-15x11x9-5mm-auk-1-4mm-brassgolden","status":"publish","type":"product","link":"https:\/\/parlipesa.ee\/en\/pood\/ehete-osad\/korvarongatoorikud\/korvarongatoorikud-klopsuga-romb-15x11x9-5mm-auk-1-4mm-brassgolden\/","title":{"rendered":"K\u00f5rvar\u00f5ngatoorikud Kl\u00f5psuga &#8220;Romb&#8221; 15x11x9.5mm (Brass;Golden)"},"content":{"rendered":"<p>Auk: 1.4mm;<\/p>\n<p>Kogus: 2tk.<\/p>\n","protected":false},"excerpt":{"rendered":"<p>Auk: 1.4mm; Kogus: 2tk.<\/p>\n","protected":false},"featured_media":61821,"template":"","meta":[],"product_brand":[],"product_cat":[520,595],"product_tag":[],"class_list":{"0":"post-61590","1":"product","2":"type-product","3":"status-publish","4":"has-post-thumbnail","6":"product_cat-uued-tooted","7":"product_cat-korvarongatoorikud","9":"first","10":"instock","11":"taxable","12":"shipping-taxable","13":"purchasable","14":"product-type-simple"},"_links":{"self":[{"href":"https:\/\/parlipesa.ee\/en\/wp-json\/wp\/v2\/product\/61590","targetHints":{"allow":["GET"]}}],"collection":[{"href":"https:\/\/parlipesa.ee\/en\/wp-json\/wp\/v2\/product"}],"about":[{"href":"https:\/\/parlipesa.ee\/en\/wp-json\/wp\/v2\/types\/product"}],"wp:featuredmedia":[{"embeddable":true,"href":"https:\/\/parlipesa.ee\/en\/wp-json\/wp\/v2\/media\/61821"}],"wp:attachment":[{"href":"https:\/\/parlipesa.ee\/en\/wp-json\/wp\/v2\/media?parent=61590"}],"wp:term":[{"taxonomy":"product_brand","embeddable":true,"href":"https:\/\/parlipesa.ee\/en\/wp-json\/wp\/v2\/product_brand?post=61590"},{"taxonomy":"product_cat","embeddable":true,"href":"https:\/\/parlipesa.ee\/en\/wp-json\/wp\/v2\/product_cat?post=61590"},{"taxonomy":"product_tag","embeddable":true,"href":"https:\/\/parlipesa.ee\/en\/wp-json\/wp\/v2\/product_tag?post=61590"}],"curies":[{"name":"wp","href":"https:\/\/api.w.org\/{rel}","templated":true}]}}