{"id":49731,"date":"2021-10-04T23:02:46","date_gmt":"2021-10-04T20:02:46","guid":{"rendered":"https:\/\/parlipesa.ee\/pood\/maaratlemata\/ripats-frosted-ahhaat-pall-18x14mm-golden\/"},"modified":"2026-04-22T02:09:12","modified_gmt":"2026-04-21T23:09:12","slug":"ripats-frosted-ahhaat-pall-18x14mm-golden","status":"publish","type":"product","link":"https:\/\/parlipesa.ee\/en\/pood\/parlipesa-ehted\/soodus\/ripats-frosted-ahhaat-pall-18x14mm-golden\/","title":{"rendered":"RIPATS FROSTED AHHAAT PALL 18x14MM (GOLDEN)"},"content":{"rendered":"","protected":false},"excerpt":{"rendered":"<p>Seemisnahast paelal 50cm;<\/p>\n<p>Kogus: 1tk;<\/p>\n<p>EAN: 4743332110196<\/p>\n<p>NB! S\u00f5ltuvalt partiist ning ekraani resolutsioonist v\u00f5ib tootel v\u00e4rvi s\u00fcgavus ja heledus varieeruda.<\/p>\n","protected":false},"featured_media":49732,"template":"","meta":[],"product_brand":[],"product_cat":[1071],"product_tag":[],"class_list":{"0":"post-49731","1":"product","2":"type-product","3":"status-publish","4":"has-post-thumbnail","6":"product_cat-soodus","8":"first","9":"instock","10":"sale","11":"taxable","12":"shipping-taxable","13":"purchasable","14":"product-type-simple"},"_links":{"self":[{"href":"https:\/\/parlipesa.ee\/en\/wp-json\/wp\/v2\/product\/49731","targetHints":{"allow":["GET"]}}],"collection":[{"href":"https:\/\/parlipesa.ee\/en\/wp-json\/wp\/v2\/product"}],"about":[{"href":"https:\/\/parlipesa.ee\/en\/wp-json\/wp\/v2\/types\/product"}],"wp:featuredmedia":[{"embeddable":true,"href":"https:\/\/parlipesa.ee\/en\/wp-json\/wp\/v2\/media\/49732"}],"wp:attachment":[{"href":"https:\/\/parlipesa.ee\/en\/wp-json\/wp\/v2\/media?parent=49731"}],"wp:term":[{"taxonomy":"product_brand","embeddable":true,"href":"https:\/\/parlipesa.ee\/en\/wp-json\/wp\/v2\/product_brand?post=49731"},{"taxonomy":"product_cat","embeddable":true,"href":"https:\/\/parlipesa.ee\/en\/wp-json\/wp\/v2\/product_cat?post=49731"},{"taxonomy":"product_tag","embeddable":true,"href":"https:\/\/parlipesa.ee\/en\/wp-json\/wp\/v2\/product_tag?post=49731"}],"curies":[{"name":"wp","href":"https:\/\/api.w.org\/{rel}","templated":true}]}}